{"id":6462,"date":"2018-07-11T05:22:08","date_gmt":"2018-07-11T03:22:08","guid":{"rendered":"https:\/\/thomquin.be\/devis-en-ligne\/"},"modified":"2026-02-03T17:09:35","modified_gmt":"2026-02-03T16:09:35","slug":"online-offerte","status":"publish","type":"page","link":"https:\/\/thomquin.be\/nl\/online-offerte\/","title":{"rendered":"Online offerte"},"content":{"rendered":"\t\t<div data-elementor-type=\"wp-post\" data-elementor-id=\"6462\" class=\"elementor elementor-6462 elementor-932\" data-elementor-post-type=\"page\">\n\t\t\t\t\t\t<section class=\"elementor-section elementor-top-section elementor-element elementor-element-343d028 elementor-section-boxed elementor-section-height-default elementor-section-height-default\" data-id=\"343d028\" data-element_type=\"section\" data-e-type=\"section\" data-settings=\"{&quot;background_background&quot;:&quot;classic&quot;}\">\n\t\t\t\t\t\t\t<div class=\"elementor-background-overlay\"><\/div>\n\t\t\t\t\t\t\t<div class=\"elementor-container elementor-column-gap-default\">\n\t\t\t\t\t<div class=\"elementor-column elementor-col-100 elementor-top-column elementor-element elementor-element-0c8b7a5\" data-id=\"0c8b7a5\" data-element_type=\"column\" data-e-type=\"column\">\n\t\t\t<div class=\"elementor-widget-wrap elementor-element-populated\">\n\t\t\t\t\t\t<div class=\"elementor-element elementor-element-a331218 elementor-widget elementor-widget-heading\" data-id=\"a331218\" data-element_type=\"widget\" data-e-type=\"widget\" data-widget_type=\"heading.default\">\n\t\t\t\t<div class=\"elementor-widget-container\">\n\t\t\t\t\t<h1 class=\"elementor-heading-title elementor-size-default\">Online offerte<\/h1>\t\t\t\t<\/div>\n\t\t\t\t<\/div>\n\t\t\t\t\t<\/div>\n\t\t<\/div>\n\t\t\t\t\t<\/div>\n\t\t<\/section>\n\t\t\t\t<section class=\"elementor-section elementor-inner-section elementor-element elementor-element-61a20fb2 elementor-section-boxed elementor-section-height-default elementor-section-height-default\" data-id=\"61a20fb2\" data-element_type=\"section\" data-e-type=\"section\" data-settings=\"{&quot;background_background&quot;:&quot;classic&quot;}\">\n\t\t\t\t\t\t<div class=\"elementor-container elementor-column-gap-default\">\n\t\t\t\t\t<div class=\"elementor-column elementor-col-100 elementor-inner-column elementor-element elementor-element-113b36d8\" data-id=\"113b36d8\" data-element_type=\"column\" data-e-type=\"column\">\n\t\t\t<div class=\"elementor-widget-wrap elementor-element-populated\">\n\t\t\t\t\t\t<div class=\"elementor-element elementor-element-504545f elementor-widget elementor-widget-heading\" data-id=\"504545f\" data-element_type=\"widget\" data-e-type=\"widget\" data-widget_type=\"heading.default\">\n\t\t\t\t<div class=\"elementor-widget-container\">\n\t\t\t\t\t<h4 class=\"elementor-heading-title elementor-size-default\">Ontvang een gratis en vrijblijvende offerte<\/h4>\t\t\t\t<\/div>\n\t\t\t\t<\/div>\n\t\t\t\t<div class=\"elementor-element elementor-element-af73953 elementor-widget elementor-widget-text-editor\" data-id=\"af73953\" data-element_type=\"widget\" data-e-type=\"widget\" data-widget_type=\"text-editor.default\">\n\t\t\t\t<div class=\"elementor-widget-container\">\n\t\t\t\t\t\t\t\t\t<p>Vul het onderstaande formulier in zodat we je offerteaanvraag beter kunnen overwegen.<\/p>\t\t\t\t\t\t\t\t<\/div>\n\t\t\t\t<\/div>\n\t\t\t\t\t<\/div>\n\t\t<\/div>\n\t\t\t\t\t<\/div>\n\t\t<\/section>\n\t\t\t\t<section class=\"elementor-section elementor-top-section elementor-element elementor-element-9c42988 elementor-section-boxed elementor-section-height-default elementor-section-height-default\" data-id=\"9c42988\" data-element_type=\"section\" data-e-type=\"section\">\n\t\t\t\t\t\t<div class=\"elementor-container elementor-column-gap-default\">\n\t\t\t\t\t<div class=\"elementor-column elementor-col-100 elementor-top-column elementor-element elementor-element-cc6dd26\" data-id=\"cc6dd26\" data-element_type=\"column\" data-e-type=\"column\">\n\t\t\t<div class=\"elementor-widget-wrap elementor-element-populated\">\n\t\t\t\t\t\t<div class=\"elementor-element elementor-element-9a20ce4 elementor-vertical-align-top elementor-widget elementor-widget-image-box\" data-id=\"9a20ce4\" data-element_type=\"widget\" data-e-type=\"widget\" data-widget_type=\"image-box.default\">\n\t\t\t\t<div class=\"elementor-widget-container\">\n\t\t\t\t\t<div class=\"elementor-image-box-wrapper\"><div class=\"elementor-image-box-content\"><h4 class=\"elementor-image-box-title\">Telefoonnummer:<\/h4><p class=\"elementor-image-box-description\"><a href=\"tel:003223746903\">Tel: +32 2 374 69 03<\/a><br><a href=\"tel:0032476334938\">GSM (FR): +32 476 33 49 38<\/a><br><a href=\"tel:0032485187153\">GSM (NL) : +32 485 18 71 53<\/a><\/p><\/div><\/div>\t\t\t\t<\/div>\n\t\t\t\t<\/div>\n\t\t\t\t<div class=\"elementor-element elementor-element-70ce844 elementor-vertical-align-top elementor-widget elementor-widget-image-box\" data-id=\"70ce844\" data-element_type=\"widget\" data-e-type=\"widget\" data-widget_type=\"image-box.default\">\n\t\t\t\t<div class=\"elementor-widget-container\">\n\t\t\t\t\t<div class=\"elementor-image-box-wrapper\"><div class=\"elementor-image-box-content\"><h4 class=\"elementor-image-box-title\">Email:<\/h4><p class=\"elementor-image-box-description\"><a href=\"mailto:info@thomquin.be\">info@thomquin.be<\/a><\/p><\/div><\/div>\t\t\t\t<\/div>\n\t\t\t\t<\/div>\n\t\t\t\t<div class=\"elementor-element elementor-element-f159ac5 elementor-vertical-align-top elementor-widget elementor-widget-image-box\" data-id=\"f159ac5\" data-element_type=\"widget\" data-e-type=\"widget\" data-widget_type=\"image-box.default\">\n\t\t\t\t<div class=\"elementor-widget-container\">\n\t\t\t\t\t<div class=\"elementor-image-box-wrapper\"><div class=\"elementor-image-box-content\"><h4 class=\"elementor-image-box-title\">Adressen:<\/h4><p class=\"elementor-image-box-description\">10, Acacialaan - 1652 Beersel <br>Werkplaats\/Repositentie: Rue du Ch\u00e2teau d'Eau - 1180 Ukkel<\/p><\/div><\/div>\t\t\t\t<\/div>\n\t\t\t\t<\/div>\n\t\t\t\t<div class=\"elementor-element elementor-element-3c87b6d elementor-widget elementor-widget-formidable\" data-id=\"3c87b6d\" data-element_type=\"widget\" data-e-type=\"widget\" data-widget_type=\"formidable.default\">\n\t\t\t\t<div class=\"elementor-widget-container\">\n\t\t\t\t\t<div class=\"frm_forms  with_frm_style frm_style_style-formidable\" id=\"frm_form_2_container\" data-token=\"5537fdb64d8962630afa0a7e6159b0a9\">\n<form enctype=\"multipart\/form-data\" method=\"post\" class=\"frm-show-form  frm_pro_form \" id=\"form_demande-de-devis\" data-token=\"5537fdb64d8962630afa0a7e6159b0a9\">\n<div class=\"frm_form_fields \">\n<fieldset>\n<legend class=\"frm_screen_reader\">Offerteaanvraag<\/legend>\r\n\r\n<div class=\"frm_fields_container\">\n<input type=\"hidden\" name=\"frm_action\" value=\"create\" \/>\n<input type=\"hidden\" name=\"form_id\" value=\"2\" \/>\n<input type=\"hidden\" name=\"frm_hide_fields_2\" id=\"frm_hide_fields_2\" value=\"\" \/>\n<input type=\"hidden\" name=\"form_key\" value=\"demande-de-devis\" \/>\n<input type=\"hidden\" name=\"item_meta[0]\" value=\"\" \/>\n<input type=\"hidden\" id=\"frm_submit_entry_2\" name=\"frm_submit_entry_2\" value=\"d1f2d332de\" \/><input type=\"hidden\" name=\"_wp_http_referer\" value=\"\/nl\/wp-json\/wp\/v2\/pages\/6462\" \/><div id=\"frm_field_7_container\" class=\"frm_form_field form-field  frm_top_container frm6 frm_first\">\r\n\t<label for=\"field_3oxok\" id=\"field_3oxok_label\" class=\"frm_primary_label\">Nom\r\n\t\t<span class=\"frm_required\" aria-hidden=\"true\"><\/span>\r\n\t<\/label>\r\n\t<input  type=\"text\" id=\"field_3oxok\" name=\"item_meta[7]\" value=\"\"  data-invmsg=\"Nom is ongeldig\" aria-invalid=\"false\"   \/>\r\n\t\r\n\t\r\n<\/div>\n<div id=\"frm_field_8_container\" class=\"frm_form_field form-field  frm_top_container frm6\">\r\n\t<label for=\"field_d7h8h\" id=\"field_d7h8h_label\" class=\"frm_primary_label\">Pr\u00e9nom\r\n\t\t<span class=\"frm_required\" aria-hidden=\"true\"><\/span>\r\n\t<\/label>\r\n\t<input  type=\"text\" id=\"field_d7h8h\" name=\"item_meta[8]\" value=\"\"  data-invmsg=\"Pr\u00e9nom is ongeldig\" aria-invalid=\"false\"   \/>\r\n\t\r\n\t\r\n<\/div>\n<div id=\"frm_field_9_container\" class=\"frm_form_field form-field  frm_top_container\">\r\n\t<label for=\"field_lz2a8\" id=\"field_lz2a8_label\" class=\"frm_primary_label\">E-mail\r\n\t\t<span class=\"frm_required\" aria-hidden=\"true\"><\/span>\r\n\t<\/label>\r\n\t<input type=\"email\" id=\"field_lz2a8\" name=\"item_meta[9]\" value=\"\"  data-invmsg=\"E-mail est non valide\" aria-invalid=\"false\"  \/>\r\n\t\r\n\t\r\n<\/div>\n<div id=\"frm_field_10_container\" class=\"frm_form_field form-field  frm_top_container\">\r\n\t<label for=\"field_q9330\" id=\"field_q9330_label\" class=\"frm_primary_label\">T\u00e9l\u00e9phone\r\n\t\t<span class=\"frm_required\" aria-hidden=\"true\"><\/span>\r\n\t<\/label>\r\n\t<input type=\"tel\" id=\"field_q9330\" name=\"item_meta[10]\" value=\"\"  data-invmsg=\"T\u00e9l\u00e9phone est non valide\" aria-invalid=\"false\" pattern=\"((\\+\\d{1,3}(-|.| )?\\(?\\d\\)?(-| |.)?\\d{1,5})|(\\(?\\d{2,6}\\)?))(-|.| )?(\\d{3,4})(-|.| )?(\\d{4})(( x| ext)\\d{1,5}){0,1}$\"  \/>\r\n\t\r\n\t\r\n<\/div>\n<div id=\"frm_field_11_container\" class=\"frm_form_field form-field  frm_top_container\">\r\n\t<label for=\"field_qpr60\" id=\"field_qpr60_label\" class=\"frm_primary_label\">Soort werken\r\n\t\t<span class=\"frm_required\" aria-hidden=\"true\"><\/span>\r\n\t<\/label>\r\n\t\t\t<select name=\"item_meta[11]\" id=\"field_qpr60\"  data-invmsg=\"Soort werken is ongeldig\" aria-invalid=\"false\"  >\n\t\t<option  value=\"\" selected='selected'> <\/option><option  value=\"Construction neuve\">Nieuwbouw<\/option><option  value=\"Transformation\/R\u00e9novation\">Verbouwing\/Renovatie<\/option><option  value=\"Extension\">Uitbreiding<\/option><option  value=\"Entretien\/R\u00e9novation\">Onderhoud\/Renovatie<\/option><option  value=\"Travaux de peinture\">Schilderwerken<\/option><option  value=\"D\u00e9corateur d&#039;int\u00e9rieur\">Interieurontwerper<\/option>\t<\/select>\n\t\r\n\t\r\n\t\r\n<\/div>\n<div id=\"frm_field_12_container\" class=\"frm_form_field form-field  frm_top_container\">\r\n\t<label for=\"field_fi152\" id=\"field_fi152_label\" class=\"frm_primary_label\">Budget\r\n\t\t<span class=\"frm_required\" aria-hidden=\"true\"><\/span>\r\n\t<\/label>\r\n\t\t\t<select name=\"item_meta[12]\" id=\"field_fi152\"  data-invmsg=\"Budget is ongeldig\" aria-invalid=\"false\"  >\n\t\t<option  value=\"\" selected='selected'> <\/option><option  value=\"&lt;50,000\u20ac\">Minder dan \u20ac50.000<\/option><option  value=\"50,000 - 100,000\u20ac\">\u20ac50.000 - \u20ac100.000<\/option><option  value=\"100,000 - 150,000\u20ac\">\u20ac100.000 - \u20ac150.000<\/option><option  value=\"&gt;150,000\u20ac\">Meer dan \u20ac150.000<\/option>\t<\/select>\n\t\r\n\t\r\n\t\r\n<\/div>\n<div id=\"frm_field_13_container\" class=\"frm_form_field form-field  frm_top_container\">\r\n\t<label for=\"field_98c58\" id=\"field_98c58_label\" class=\"frm_primary_label\">Message\r\n\t\t<span class=\"frm_required\" aria-hidden=\"true\"><\/span>\r\n\t<\/label>\r\n\t<textarea name=\"item_meta[13]\" id=\"field_98c58\" rows=\"5\"  data-invmsg=\"Message is ongeldig\" aria-invalid=\"false\"  ><\/textarea>\r\n\t\r\n\t\r\n<\/div>\n<div id=\"frm_field_31_container\" class=\"frm_form_field form-field  frm_required_field frm_top_container vertical_radio\">\r\n\t<div  id=\"field_wv0vt_label\" class=\"frm_primary_label\">\r\n\t\t<span class=\"frm_required\" aria-hidden=\"true\">*<\/span>\r\n\t<\/div>\r\n\t<div class=\"frm_opt_container\" aria-labelledby=\"field_wv0vt_label\" role=\"group\">\t\t<div class=\"frm_checkbox\" id=\"frm_checkbox_31-0\">\t\t\t<label  for=\"field_wv0vt-0\">\n\t\t\t<input type=\"checkbox\" name=\"item_meta[31][]\" id=\"field_wv0vt-0\" value=\"J&#039;accepte la politique de confidentialit\u00e9\"  data-reqmsg=\"Dit veld mag niet leeg zijn.\" data-invmsg=\"Dit veld is ongeldig\"   aria-required=\"true\"  \/> Ik aanvaard <a href=\"\/\/thomquin.be\/politique-confidentialite\/&quot;\" target=\"&quot;_blank&quot;\">het privacybeleid<\/a><\/label><\/div>\n<\/div>\r\n\t\r\n\t\r\n<\/div>\n<div id=\"frm_field_14_container\" class=\"frm_form_field form-field  frm_none_container\">\r\n\t<label for=\"cf-turnstile-response\" id=\"field_oprk7_label\" class=\"frm_primary_label\">Captcha\r\n\t\t<span class=\"frm_required\" aria-hidden=\"true\"><\/span>\r\n\t<\/label>\r\n\t<div  id=\"field_oprk7\" class=\"frm-cf-turnstile\" data-sitekey=\"0x4AAAAAABRnesp_hBiJ8xqX\" data-language=\"nl-NL\" data-size=\"normal\" data-theme=\"light\"><\/div>\r\n\t<div class=\"frm_description\" id=\"frm_desc_field_oprk7\"><b>Bevestig dat u een mens bent<\/b><\/div>\r\n\t\r\n<\/div>\n<div id=\"frm_field_6_container\" class=\"frm_form_field form-field \">\r\n\t<div class=\"frm_submit frm_flex\">\r\n<button class=\"frm_button_submit frm_final_submit\" type=\"submit\"   formnovalidate=\"formnovalidate\">Envoyer<\/button>\r\n\r\n\r\n\r\n<\/div>\r\n<\/div>\n\t<input type=\"hidden\" name=\"item_key\" value=\"\" \/>\n\t\t\t<div id=\"frm_field_34_container\">\n\t\t\t<label for=\"field_jc2lr\" >\n\t\t\t\tIndien je een mens bent, laat dit veld leeg:.\t\t\t<\/label>\n\t\t\t<input  id=\"field_jc2lr\" type=\"text\" class=\"frm_form_field form-field frm_verify\" name=\"item_meta[34]\" value=\"\"  \/>\n\t\t<\/div>\n\t\t<input name=\"frm_state\" type=\"hidden\" value=\"07USIL7JBXPjmz6I\/B\/jUtO1y5lJuNY\/\/aWEV\/B\/zMxOfL1z49bV8\/qGPRI+fP+p\" \/><\/div>\n<\/fieldset>\n<\/div>\n\n<\/form>\n<\/div>\n\t\t\t\t<\/div>\n\t\t\t\t<\/div>\n\t\t\t\t\t<\/div>\n\t\t<\/div>\n\t\t\t\t\t<\/div>\n\t\t<\/section>\n\t\t\t\t<\/div>\n\t\t","protected":false},"excerpt":{"rendered":"<p>Online offerte Ontvang een gratis en vrijblijvende offerte Vul het onderstaande formulier in zodat we je offerteaanvraag beter kunnen overwegen. Telefoonnummer: Tel: +32 2 374 69 03GSM (FR): +32 476 33 49 38GSM (NL) : +32 485 18 71 53 Email: info@thomquin.be Adressen: 10, Acacialaan &#8211; 1652 Beersel Werkplaats\/Repositentie: Rue du Ch\u00e2teau d&#8217;Eau &#8211; 1180 [&hellip;]<\/p>\n","protected":false},"author":2,"featured_media":0,"parent":0,"menu_order":0,"comment_status":"closed","ping_status":"closed","template":"","meta":{"_acf_changed":false,"site-sidebar-layout":"default","site-content-layout":"page-builder","ast-site-content-layout":"default","site-content-style":"default","site-sidebar-style":"default","ast-global-header-display":"","ast-banner-title-visibility":"","ast-main-header-display":"","ast-hfb-above-header-display":"","ast-hfb-below-header-display":"","ast-hfb-mobile-header-display":"","site-post-title":"disabled","ast-breadcrumbs-content":"","ast-featured-img":"disabled","footer-sml-layout":"","ast-disable-related-posts":"","theme-transparent-header-meta":"enabled","adv-header-id-meta":"","stick-header-meta":"default","header-above-stick-meta":"","header-main-stick-meta":"","header-below-stick-meta":"","astra-migrate-meta-layouts":"default","ast-page-background-enabled":"default","ast-page-background-meta":{"desktop":{"background-color":"","background-image":"","background-repeat":"repeat","background-position":"center center","background-size":"auto","background-attachment":"scroll","background-type":"","background-media":"","overlay-type":"","overlay-color":"","overlay-opacity":"","overlay-gradient":""},"tablet":{"background-color":"","background-image":"","background-repeat":"repeat","background-position":"center center","background-size":"auto","background-attachment":"scroll","background-type":"","background-media":"","overlay-type":"","overlay-color":"","overlay-opacity":"","overlay-gradient":""},"mobile":{"background-color":"","background-image":"","background-repeat":"repeat","background-position":"center center","background-size":"auto","background-attachment":"scroll","background-type":"","background-media":"","overlay-type":"","overlay-color":"","overlay-opacity":"","overlay-gradient":""}},"ast-content-background-meta":{"desktop":{"background-color":"var(--ast-global-color-5)","background-image":"","background-repeat":"repeat","background-position":"center center","background-size":"auto","background-attachment":"scroll","background-type":"","background-media":"","overlay-type":"","overlay-color":"","overlay-opacity":"","overlay-gradient":""},"tablet":{"background-color":"var(--ast-global-color-5)","background-image":"","background-repeat":"repeat","background-position":"center center","background-size":"auto","background-attachment":"scroll","background-type":"","background-media":"","overlay-type":"","overlay-color":"","overlay-opacity":"","overlay-gradient":""},"mobile":{"background-color":"var(--ast-global-color-5)","background-image":"","background-repeat":"repeat","background-position":"center center","background-size":"auto","background-attachment":"scroll","background-type":"","background-media":"","overlay-type":"","overlay-color":"","overlay-opacity":"","overlay-gradient":""}},"footnotes":""},"class_list":["post-6462","page","type-page","status-publish","hentry"],"acf":[],"yoast_head":"<!-- This site is optimized with the Yoast SEO plugin v27.4 - https:\/\/yoast.com\/product\/yoast-seo-wordpress\/ -->\n<title>Online offerte - Votre entreprise de r\u00e9novation g\u00e9n\u00e9rale | Les Ateliers Thomquin<\/title>\n<meta name=\"description\" content=\"Demandez votre devis en ligne avec Thomquin pour vos projets de construction et r\u00e9novation. R\u00e9ponse rapide, gratuite et sans engagement.\" \/>\n<meta name=\"robots\" content=\"index, follow, max-snippet:-1, max-image-preview:large, max-video-preview:-1\" \/>\n<link rel=\"canonical\" href=\"https:\/\/thomquin.be\/nl\/online-offerte\/\" \/>\n<meta property=\"og:locale\" content=\"nl_NL\" \/>\n<meta property=\"og:type\" content=\"article\" \/>\n<meta property=\"og:title\" content=\"Online offerte - Votre entreprise de r\u00e9novation g\u00e9n\u00e9rale | Les Ateliers Thomquin\" \/>\n<meta property=\"og:description\" content=\"Demandez votre devis en ligne avec Thomquin pour vos projets de construction et r\u00e9novation. R\u00e9ponse rapide, gratuite et sans engagement.\" \/>\n<meta property=\"og:url\" content=\"https:\/\/thomquin.be\/nl\/online-offerte\/\" \/>\n<meta property=\"og:site_name\" content=\"Votre entreprise de r\u00e9novation g\u00e9n\u00e9rale | Les Ateliers Thomquin\" \/>\n<meta property=\"article:publisher\" content=\"https:\/\/www.facebook.com\/renovationthomquin\" \/>\n<meta property=\"article:modified_time\" content=\"2026-02-03T16:09:35+00:00\" \/>\n<meta name=\"twitter:card\" content=\"summary_large_image\" \/>\n<meta name=\"twitter:label1\" content=\"Geschatte leestijd\" \/>\n\t<meta name=\"twitter:data1\" content=\"1 minuut\" \/>\n<script type=\"application\/ld+json\" class=\"yoast-schema-graph\">{\"@context\":\"https:\\\/\\\/schema.org\",\"@graph\":[{\"@type\":\"WebPage\",\"@id\":\"https:\\\/\\\/thomquin.be\\\/nl\\\/online-offerte\\\/\",\"url\":\"https:\\\/\\\/thomquin.be\\\/nl\\\/online-offerte\\\/\",\"name\":\"Online offerte - Votre entreprise de r\u00e9novation g\u00e9n\u00e9rale | Les Ateliers Thomquin\",\"isPartOf\":{\"@id\":\"https:\\\/\\\/thomquin.be\\\/nl\\\/#website\"},\"datePublished\":\"2018-07-11T03:22:08+00:00\",\"dateModified\":\"2026-02-03T16:09:35+00:00\",\"description\":\"Demandez votre devis en ligne avec Thomquin pour vos projets de construction et r\u00e9novation. R\u00e9ponse rapide, gratuite et sans engagement.\",\"breadcrumb\":{\"@id\":\"https:\\\/\\\/thomquin.be\\\/nl\\\/online-offerte\\\/#breadcrumb\"},\"inLanguage\":\"nl-NL\",\"potentialAction\":[{\"@type\":\"ReadAction\",\"target\":[\"https:\\\/\\\/thomquin.be\\\/nl\\\/online-offerte\\\/\"]}]},{\"@type\":\"BreadcrumbList\",\"@id\":\"https:\\\/\\\/thomquin.be\\\/nl\\\/online-offerte\\\/#breadcrumb\",\"itemListElement\":[{\"@type\":\"ListItem\",\"position\":1,\"name\":\"Accueil\",\"item\":\"https:\\\/\\\/thomquin.be\\\/nl\\\/\"},{\"@type\":\"ListItem\",\"position\":2,\"name\":\"Online offerte\"}]},{\"@type\":\"WebSite\",\"@id\":\"https:\\\/\\\/thomquin.be\\\/nl\\\/#website\",\"url\":\"https:\\\/\\\/thomquin.be\\\/nl\\\/\",\"name\":\"Ateliers Thomquin \u2013 R\u00e9novation int\u00e9rieure & ext\u00e9rieure \u00e0 Bruxelles\",\"description\":\"Entreprise familiale de r\u00e9novation int\u00e9rieure et ext\u00e9rieure depuis 4 g\u00e9n\u00e9rations \u00e0 Bruxelles, Uccle et en p\u00e9riph\u00e9rie\",\"publisher\":{\"@id\":\"https:\\\/\\\/thomquin.be\\\/nl\\\/#organization\"},\"alternateName\":\"Ateliers Thomquin\",\"potentialAction\":[{\"@type\":\"SearchAction\",\"target\":{\"@type\":\"EntryPoint\",\"urlTemplate\":\"https:\\\/\\\/thomquin.be\\\/nl\\\/?s={search_term_string}\"},\"query-input\":{\"@type\":\"PropertyValueSpecification\",\"valueRequired\":true,\"valueName\":\"search_term_string\"}}],\"inLanguage\":\"nl-NL\"},{\"@type\":\"Organization\",\"@id\":\"https:\\\/\\\/thomquin.be\\\/nl\\\/#organization\",\"name\":\"Ateliers Thomquin \u2013 R\u00e9novation int\u00e9rieure et ext\u00e9rieure \u00e0 Bruxelles & p\u00e9riph\u00e9rie\",\"alternateName\":\"Ateliers Thomquin SRL\",\"url\":\"https:\\\/\\\/thomquin.be\\\/nl\\\/\",\"logo\":{\"@type\":\"ImageObject\",\"inLanguage\":\"nl-NL\",\"@id\":\"https:\\\/\\\/thomquin.be\\\/nl\\\/#\\\/schema\\\/logo\\\/image\\\/\",\"url\":\"https:\\\/\\\/thomquin.be\\\/wp-content\\\/uploads\\\/2025\\\/08\\\/Ateliers-Thomquin-RENOVATION.png\",\"contentUrl\":\"https:\\\/\\\/thomquin.be\\\/wp-content\\\/uploads\\\/2025\\\/08\\\/Ateliers-Thomquin-RENOVATION.png\",\"width\":1536,\"height\":1024,\"caption\":\"Ateliers Thomquin \u2013 R\u00e9novation int\u00e9rieure et ext\u00e9rieure \u00e0 Bruxelles & p\u00e9riph\u00e9rie\"},\"image\":{\"@id\":\"https:\\\/\\\/thomquin.be\\\/nl\\\/#\\\/schema\\\/logo\\\/image\\\/\"},\"sameAs\":[\"https:\\\/\\\/www.facebook.com\\\/renovationthomquin\",\"https:\\\/\\\/www.instagram.com\\\/thomquin.renovation\\\/\",\"https:\\\/\\\/www.linkedin.com\\\/company\\\/ateliers-thomquin-srl\\\/\"]}]}<\/script>\n<!-- \/ Yoast SEO plugin. -->","yoast_head_json":{"title":"Online offerte - Votre entreprise de r\u00e9novation g\u00e9n\u00e9rale | Les Ateliers Thomquin","description":"Demandez votre devis en ligne avec Thomquin pour vos projets de construction et r\u00e9novation. R\u00e9ponse rapide, gratuite et sans engagement.","robots":{"index":"index","follow":"follow","max-snippet":"max-snippet:-1","max-image-preview":"max-image-preview:large","max-video-preview":"max-video-preview:-1"},"canonical":"https:\/\/thomquin.be\/nl\/online-offerte\/","og_locale":"nl_NL","og_type":"article","og_title":"Online offerte - Votre entreprise de r\u00e9novation g\u00e9n\u00e9rale | Les Ateliers Thomquin","og_description":"Demandez votre devis en ligne avec Thomquin pour vos projets de construction et r\u00e9novation. R\u00e9ponse rapide, gratuite et sans engagement.","og_url":"https:\/\/thomquin.be\/nl\/online-offerte\/","og_site_name":"Votre entreprise de r\u00e9novation g\u00e9n\u00e9rale | Les Ateliers Thomquin","article_publisher":"https:\/\/www.facebook.com\/renovationthomquin","article_modified_time":"2026-02-03T16:09:35+00:00","twitter_card":"summary_large_image","twitter_misc":{"Geschatte leestijd":"1 minuut"},"schema":{"@context":"https:\/\/schema.org","@graph":[{"@type":"WebPage","@id":"https:\/\/thomquin.be\/nl\/online-offerte\/","url":"https:\/\/thomquin.be\/nl\/online-offerte\/","name":"Online offerte - Votre entreprise de r\u00e9novation g\u00e9n\u00e9rale | Les Ateliers Thomquin","isPartOf":{"@id":"https:\/\/thomquin.be\/nl\/#website"},"datePublished":"2018-07-11T03:22:08+00:00","dateModified":"2026-02-03T16:09:35+00:00","description":"Demandez votre devis en ligne avec Thomquin pour vos projets de construction et r\u00e9novation. R\u00e9ponse rapide, gratuite et sans engagement.","breadcrumb":{"@id":"https:\/\/thomquin.be\/nl\/online-offerte\/#breadcrumb"},"inLanguage":"nl-NL","potentialAction":[{"@type":"ReadAction","target":["https:\/\/thomquin.be\/nl\/online-offerte\/"]}]},{"@type":"BreadcrumbList","@id":"https:\/\/thomquin.be\/nl\/online-offerte\/#breadcrumb","itemListElement":[{"@type":"ListItem","position":1,"name":"Accueil","item":"https:\/\/thomquin.be\/nl\/"},{"@type":"ListItem","position":2,"name":"Online offerte"}]},{"@type":"WebSite","@id":"https:\/\/thomquin.be\/nl\/#website","url":"https:\/\/thomquin.be\/nl\/","name":"Ateliers Thomquin \u2013 R\u00e9novation int\u00e9rieure & ext\u00e9rieure \u00e0 Bruxelles","description":"Entreprise familiale de r\u00e9novation int\u00e9rieure et ext\u00e9rieure depuis 4 g\u00e9n\u00e9rations \u00e0 Bruxelles, Uccle et en p\u00e9riph\u00e9rie","publisher":{"@id":"https:\/\/thomquin.be\/nl\/#organization"},"alternateName":"Ateliers Thomquin","potentialAction":[{"@type":"SearchAction","target":{"@type":"EntryPoint","urlTemplate":"https:\/\/thomquin.be\/nl\/?s={search_term_string}"},"query-input":{"@type":"PropertyValueSpecification","valueRequired":true,"valueName":"search_term_string"}}],"inLanguage":"nl-NL"},{"@type":"Organization","@id":"https:\/\/thomquin.be\/nl\/#organization","name":"Ateliers Thomquin \u2013 R\u00e9novation int\u00e9rieure et ext\u00e9rieure \u00e0 Bruxelles & p\u00e9riph\u00e9rie","alternateName":"Ateliers Thomquin SRL","url":"https:\/\/thomquin.be\/nl\/","logo":{"@type":"ImageObject","inLanguage":"nl-NL","@id":"https:\/\/thomquin.be\/nl\/#\/schema\/logo\/image\/","url":"https:\/\/thomquin.be\/wp-content\/uploads\/2025\/08\/Ateliers-Thomquin-RENOVATION.png","contentUrl":"https:\/\/thomquin.be\/wp-content\/uploads\/2025\/08\/Ateliers-Thomquin-RENOVATION.png","width":1536,"height":1024,"caption":"Ateliers Thomquin \u2013 R\u00e9novation int\u00e9rieure et ext\u00e9rieure \u00e0 Bruxelles & p\u00e9riph\u00e9rie"},"image":{"@id":"https:\/\/thomquin.be\/nl\/#\/schema\/logo\/image\/"},"sameAs":["https:\/\/www.facebook.com\/renovationthomquin","https:\/\/www.instagram.com\/thomquin.renovation\/","https:\/\/www.linkedin.com\/company\/ateliers-thomquin-srl\/"]}]}},"_links":{"self":[{"href":"https:\/\/thomquin.be\/nl\/wp-json\/wp\/v2\/pages\/6462","targetHints":{"allow":["GET"]}}],"collection":[{"href":"https:\/\/thomquin.be\/nl\/wp-json\/wp\/v2\/pages"}],"about":[{"href":"https:\/\/thomquin.be\/nl\/wp-json\/wp\/v2\/types\/page"}],"author":[{"embeddable":true,"href":"https:\/\/thomquin.be\/nl\/wp-json\/wp\/v2\/users\/2"}],"replies":[{"embeddable":true,"href":"https:\/\/thomquin.be\/nl\/wp-json\/wp\/v2\/comments?post=6462"}],"version-history":[{"count":4,"href":"https:\/\/thomquin.be\/nl\/wp-json\/wp\/v2\/pages\/6462\/revisions"}],"predecessor-version":[{"id":6476,"href":"https:\/\/thomquin.be\/nl\/wp-json\/wp\/v2\/pages\/6462\/revisions\/6476"}],"wp:attachment":[{"href":"https:\/\/thomquin.be\/nl\/wp-json\/wp\/v2\/media?parent=6462"}],"curies":[{"name":"wp","href":"https:\/\/api.w.org\/{rel}","templated":true}]}}