{"id":4939,"date":"2023-04-06T21:00:38","date_gmt":"2023-04-06T19:00:38","guid":{"rendered":"https:\/\/thomquin.be\/neem-contact-op-met\/"},"modified":"2026-02-04T10:32:46","modified_gmt":"2026-02-04T09:32:46","slug":"neem-contact-op-met","status":"publish","type":"page","link":"https:\/\/thomquin.be\/nl\/neem-contact-op-met\/","title":{"rendered":"Neem contact op met"},"content":{"rendered":"\t\t<div data-elementor-type=\"wp-post\" data-elementor-id=\"4939\" class=\"elementor elementor-4939 elementor-1321\" data-elementor-post-type=\"page\">\n\t\t\t\t\t\t<section class=\"elementor-section elementor-top-section elementor-element elementor-element-343d028 elementor-section-boxed elementor-section-height-default elementor-section-height-default\" data-id=\"343d028\" data-element_type=\"section\" data-e-type=\"section\" data-settings=\"{&quot;background_background&quot;:&quot;classic&quot;}\">\n\t\t\t\t\t\t\t<div class=\"elementor-background-overlay\"><\/div>\n\t\t\t\t\t\t\t<div class=\"elementor-container elementor-column-gap-default\">\n\t\t\t\t\t<div class=\"elementor-column elementor-col-100 elementor-top-column elementor-element elementor-element-0c8b7a5\" data-id=\"0c8b7a5\" data-element_type=\"column\" data-e-type=\"column\">\n\t\t\t<div class=\"elementor-widget-wrap elementor-element-populated\">\n\t\t\t\t\t\t<div class=\"elementor-element elementor-element-a331218 elementor-widget elementor-widget-heading\" data-id=\"a331218\" data-element_type=\"widget\" data-e-type=\"widget\" data-widget_type=\"heading.default\">\n\t\t\t\t<div class=\"elementor-widget-container\">\n\t\t\t\t\t<h1 class=\"elementor-heading-title elementor-size-default\">Neem contact op met<\/h1>\t\t\t\t<\/div>\n\t\t\t\t<\/div>\n\t\t\t\t\t<\/div>\n\t\t<\/div>\n\t\t\t\t\t<\/div>\n\t\t<\/section>\n\t\t\t\t<section class=\"elementor-section elementor-top-section elementor-element elementor-element-vzm7snb elementor-section-boxed elementor-section-height-default elementor-section-height-default\" data-id=\"vzm7snb\" data-element_type=\"section\" data-e-type=\"section\" data-settings=\"{&quot;background_background&quot;:&quot;classic&quot;}\">\n\t\t\t\t\t\t<div class=\"elementor-container elementor-column-gap-no\">\n\t\t\t\t\t<div class=\"elementor-column elementor-col-100 elementor-top-column elementor-element elementor-element-4a64937\" data-id=\"4a64937\" data-element_type=\"column\" data-e-type=\"column\">\n\t\t\t<div class=\"elementor-widget-wrap elementor-element-populated\">\n\t\t\t\t\t\t<section class=\"elementor-section elementor-inner-section elementor-element elementor-element-db5c868 elementor-section-boxed elementor-section-height-default elementor-section-height-default\" data-id=\"db5c868\" data-element_type=\"section\" data-e-type=\"section\">\n\t\t\t\t\t\t<div class=\"elementor-container elementor-column-gap-no\">\n\t\t\t\t\t<div class=\"elementor-column elementor-col-33 elementor-inner-column elementor-element elementor-element-59cc392\" data-id=\"59cc392\" data-element_type=\"column\" data-e-type=\"column\">\n\t\t\t<div class=\"elementor-widget-wrap elementor-element-populated\">\n\t\t\t\t\t\t<div class=\"elementor-element elementor-element-c7cf8fd elementor-vertical-align-top elementor-widget elementor-widget-image-box\" data-id=\"c7cf8fd\" data-element_type=\"widget\" data-e-type=\"widget\" data-widget_type=\"image-box.default\">\n\t\t\t\t<div class=\"elementor-widget-container\">\n\t\t\t\t\t<div class=\"elementor-image-box-wrapper\"><div class=\"elementor-image-box-content\"><h4 class=\"elementor-image-box-title\">Adressen:<\/h4><p class=\"elementor-image-box-description\">10, Acacialaan - 1652 Beersel <br>Werkplaats\/Repositentie: Rue du Ch\u00e2teau d'Eau - 1180 Ukkel<\/p><\/div><\/div>\t\t\t\t<\/div>\n\t\t\t\t<\/div>\n\t\t\t\t<div class=\"elementor-element elementor-element-331ef55 elementor-vertical-align-top elementor-widget elementor-widget-image-box\" data-id=\"331ef55\" data-element_type=\"widget\" data-e-type=\"widget\" data-widget_type=\"image-box.default\">\n\t\t\t\t<div class=\"elementor-widget-container\">\n\t\t\t\t\t<div class=\"elementor-image-box-wrapper\"><div class=\"elementor-image-box-content\"><h4 class=\"elementor-image-box-title\">Telefoonnummer:<\/h4><p class=\"elementor-image-box-description\"><a href=\"tel:003223746903\">Tel: +32 2 374 69 03<\/a><br><a href=\"tel:0032476334938\">GSM (FR): +32 476 33 49 38<\/a><br><a href=\"tel:0032485187153\">GSM (NL) : +32 485 18 71 53<\/a><\/p><\/div><\/div>\t\t\t\t<\/div>\n\t\t\t\t<\/div>\n\t\t\t\t<div class=\"elementor-element elementor-element-43f13e4 elementor-vertical-align-top elementor-widget elementor-widget-image-box\" data-id=\"43f13e4\" data-element_type=\"widget\" data-e-type=\"widget\" data-widget_type=\"image-box.default\">\n\t\t\t\t<div class=\"elementor-widget-container\">\n\t\t\t\t\t<div class=\"elementor-image-box-wrapper\"><div class=\"elementor-image-box-content\"><h4 class=\"elementor-image-box-title\">E-mail:<\/h4><p class=\"elementor-image-box-description\"><a href=\"mailto:info@thomquin.be\">info@thomquin.be<\/p><\/div><\/div>\t\t\t\t<\/div>\n\t\t\t\t<\/div>\n\t\t\t\t<div class=\"elementor-element elementor-element-9ca06af elementor-align-center elementor-widget elementor-widget-button\" data-id=\"9ca06af\" data-element_type=\"widget\" data-e-type=\"widget\" data-widget_type=\"button.default\">\n\t\t\t\t<div class=\"elementor-widget-container\">\n\t\t\t\t\t\t\t\t\t<div class=\"elementor-button-wrapper\">\n\t\t\t\t\t<a class=\"elementor-button elementor-button-link elementor-size-sm\" href=\"https:\/\/thomquin.be\/nl\/online-offerte\/\">\n\t\t\t\t\t\t<span class=\"elementor-button-content-wrapper\">\n\t\t\t\t\t\t\t\t\t<span class=\"elementor-button-text\">ONLINE OFFERTE<\/span>\n\t\t\t\t\t<\/span>\n\t\t\t\t\t<\/a>\n\t\t\t\t<\/div>\n\t\t\t\t\t\t\t\t<\/div>\n\t\t\t\t<\/div>\n\t\t\t\t\t<\/div>\n\t\t<\/div>\n\t\t\t\t<div class=\"elementor-column elementor-col-66 elementor-inner-column elementor-element elementor-element-58a2777\" data-id=\"58a2777\" data-element_type=\"column\" data-e-type=\"column\">\n\t\t\t<div class=\"elementor-widget-wrap elementor-element-populated\">\n\t\t\t\t\t\t<div class=\"elementor-element elementor-element-d36d461 elementor-widget elementor-widget-google_maps\" data-id=\"d36d461\" data-element_type=\"widget\" data-e-type=\"widget\" data-widget_type=\"google_maps.default\">\n\t\t\t\t<div class=\"elementor-widget-container\">\n\t\t\t\t\t\t\t<div class=\"elementor-custom-embed\">\n\t\t\t<iframe loading=\"lazy\"\n\t\t\t\t\tsrc=\"https:\/\/maps.google.com\/maps?q=10%20Acacialaan%201652%20Beersel&#038;t=m&#038;z=17&#038;output=embed&#038;iwloc=near\"\n\t\t\t\t\ttitle=\"10 Acacialaan 1652 Beersel\"\n\t\t\t\t\taria-label=\"10 Acacialaan 1652 Beersel\"\n\t\t\t><\/iframe>\n\t\t<\/div>\n\t\t\t\t\t\t<\/div>\n\t\t\t\t<\/div>\n\t\t\t\t\t<\/div>\n\t\t<\/div>\n\t\t\t\t\t<\/div>\n\t\t<\/section>\n\t\t\t\t<div class=\"elementor-element elementor-element-ec69c30 elementor-widget-divider--view-line elementor-widget elementor-widget-divider\" data-id=\"ec69c30\" data-element_type=\"widget\" data-e-type=\"widget\" data-widget_type=\"divider.default\">\n\t\t\t\t<div class=\"elementor-widget-container\">\n\t\t\t\t\t\t\t<div class=\"elementor-divider\">\n\t\t\t<span class=\"elementor-divider-separator\">\n\t\t\t\t\t\t<\/span>\n\t\t<\/div>\n\t\t\t\t\t\t<\/div>\n\t\t\t\t<\/div>\n\t\t\t\t\t<\/div>\n\t\t<\/div>\n\t\t\t\t\t<\/div>\n\t\t<\/section>\n\t\t\t\t<\/div>\n\t\t","protected":false},"excerpt":{"rendered":"<p>Neem contact op met Adressen: 10, Acacialaan &#8211; 1652 Beersel Werkplaats\/Repositentie: Rue du Ch\u00e2teau d&#8217;Eau &#8211; 1180 Ukkel Telefoonnummer: Tel: +32 2 374 69 03GSM (FR): +32 476 33 49 38GSM (NL) : +32 485 18 71 53 E-mail: info@thomquin.be ONLINE OFFERTE<\/p>\n","protected":false},"author":2,"featured_media":0,"parent":0,"menu_order":0,"comment_status":"closed","ping_status":"closed","template":"","meta":{"_acf_changed":false,"site-sidebar-layout":"default","site-content-layout":"page-builder","ast-site-content-layout":"full-width-container","site-content-style":"unboxed","site-sidebar-style":"unboxed","ast-global-header-display":"","ast-banner-title-visibility":"","ast-main-header-display":"","ast-hfb-above-header-display":"","ast-hfb-below-header-display":"","ast-hfb-mobile-header-display":"","site-post-title":"disabled","ast-breadcrumbs-content":"","ast-featured-img":"disabled","footer-sml-layout":"","ast-disable-related-posts":"","theme-transparent-header-meta":"enabled","adv-header-id-meta":"","stick-header-meta":"default","header-above-stick-meta":"","header-main-stick-meta":"","header-below-stick-meta":"","astra-migrate-meta-layouts":"default","ast-page-background-enabled":"default","ast-page-background-meta":{"desktop":{"background-color":"","background-image":"","background-repeat":"repeat","background-position":"center center","background-size":"auto","background-attachment":"scroll","background-type":"","background-media":"","overlay-type":"","overlay-color":"","overlay-opacity":"","overlay-gradient":""},"tablet":{"background-color":"","background-image":"","background-repeat":"repeat","background-position":"center center","background-size":"auto","background-attachment":"scroll","background-type":"","background-media":"","overlay-type":"","overlay-color":"","overlay-opacity":"","overlay-gradient":""},"mobile":{"background-color":"","background-image":"","background-repeat":"repeat","background-position":"center center","background-size":"auto","background-attachment":"scroll","background-type":"","background-media":"","overlay-type":"","overlay-color":"","overlay-opacity":"","overlay-gradient":""}},"ast-content-background-meta":{"desktop":{"background-color":"var(--ast-global-color-5)","background-image":"","background-repeat":"repeat","background-position":"center center","background-size":"auto","background-attachment":"scroll","background-type":"","background-media":"","overlay-type":"","overlay-color":"","overlay-opacity":"","overlay-gradient":""},"tablet":{"background-color":"var(--ast-global-color-5)","background-image":"","background-repeat":"repeat","background-position":"center center","background-size":"auto","background-attachment":"scroll","background-type":"","background-media":"","overlay-type":"","overlay-color":"","overlay-opacity":"","overlay-gradient":""},"mobile":{"background-color":"var(--ast-global-color-5)","background-image":"","background-repeat":"repeat","background-position":"center center","background-size":"auto","background-attachment":"scroll","background-type":"","background-media":"","overlay-type":"","overlay-color":"","overlay-opacity":"","overlay-gradient":""}},"footnotes":""},"class_list":["post-4939","page","type-page","status-publish","hentry"],"acf":[],"yoast_head":"<!-- This site is optimized with the Yoast SEO plugin v27.4 - https:\/\/yoast.com\/product\/yoast-seo-wordpress\/ -->\n<title>Neem contact op met Thomquin | Vraag uw offerte aan<\/title>\n<meta name=\"description\" content=\"Neem contact op met Thomquin voor elke aanvraag voor een offerte, informatie of afspraak. Snelle reactie en persoonlijke ondersteuning gegarandeerd.\" \/>\n<meta name=\"robots\" content=\"index, follow, max-snippet:-1, max-image-preview:large, max-video-preview:-1\" \/>\n<link rel=\"canonical\" href=\"https:\/\/thomquin.be\/nl\/neem-contact-op-met\/\" \/>\n<meta property=\"og:locale\" content=\"nl_NL\" \/>\n<meta property=\"og:type\" content=\"article\" \/>\n<meta property=\"og:title\" content=\"Neem contact op met Thomquin | Vraag uw offerte aan\" \/>\n<meta property=\"og:description\" content=\"Neem contact op met Thomquin voor elke aanvraag voor een offerte, informatie of afspraak. Snelle reactie en persoonlijke ondersteuning gegarandeerd.\" \/>\n<meta property=\"og:url\" content=\"https:\/\/thomquin.be\/nl\/neem-contact-op-met\/\" \/>\n<meta property=\"og:site_name\" content=\"Votre entreprise de r\u00e9novation g\u00e9n\u00e9rale | Les Ateliers Thomquin\" \/>\n<meta property=\"article:publisher\" content=\"https:\/\/www.facebook.com\/renovationthomquin\" \/>\n<meta property=\"article:modified_time\" content=\"2026-02-04T09:32:46+00:00\" \/>\n<meta name=\"twitter:card\" content=\"summary_large_image\" \/>\n<meta name=\"twitter:label1\" content=\"Geschatte leestijd\" \/>\n\t<meta name=\"twitter:data1\" content=\"1 minuut\" \/>\n<script type=\"application\/ld+json\" class=\"yoast-schema-graph\">{\"@context\":\"https:\\\/\\\/schema.org\",\"@graph\":[{\"@type\":\"WebPage\",\"@id\":\"https:\\\/\\\/thomquin.be\\\/nl\\\/neem-contact-op-met\\\/\",\"url\":\"https:\\\/\\\/thomquin.be\\\/nl\\\/neem-contact-op-met\\\/\",\"name\":\"Neem contact op met Thomquin | Vraag uw offerte aan\",\"isPartOf\":{\"@id\":\"https:\\\/\\\/thomquin.be\\\/nl\\\/#website\"},\"datePublished\":\"2023-04-06T19:00:38+00:00\",\"dateModified\":\"2026-02-04T09:32:46+00:00\",\"description\":\"Neem contact op met Thomquin voor elke aanvraag voor een offerte, informatie of afspraak. Snelle reactie en persoonlijke ondersteuning gegarandeerd.\",\"breadcrumb\":{\"@id\":\"https:\\\/\\\/thomquin.be\\\/nl\\\/neem-contact-op-met\\\/#breadcrumb\"},\"inLanguage\":\"nl-NL\",\"potentialAction\":[{\"@type\":\"ReadAction\",\"target\":[\"https:\\\/\\\/thomquin.be\\\/nl\\\/neem-contact-op-met\\\/\"]}]},{\"@type\":\"BreadcrumbList\",\"@id\":\"https:\\\/\\\/thomquin.be\\\/nl\\\/neem-contact-op-met\\\/#breadcrumb\",\"itemListElement\":[{\"@type\":\"ListItem\",\"position\":1,\"name\":\"Accueil\",\"item\":\"https:\\\/\\\/thomquin.be\\\/nl\\\/\"},{\"@type\":\"ListItem\",\"position\":2,\"name\":\"Neem contact op met\"}]},{\"@type\":\"WebSite\",\"@id\":\"https:\\\/\\\/thomquin.be\\\/nl\\\/#website\",\"url\":\"https:\\\/\\\/thomquin.be\\\/nl\\\/\",\"name\":\"Ateliers Thomquin \u2013 R\u00e9novation int\u00e9rieure & ext\u00e9rieure \u00e0 Bruxelles\",\"description\":\"Entreprise familiale de r\u00e9novation int\u00e9rieure et ext\u00e9rieure depuis 4 g\u00e9n\u00e9rations \u00e0 Bruxelles, Uccle et en p\u00e9riph\u00e9rie\",\"publisher\":{\"@id\":\"https:\\\/\\\/thomquin.be\\\/nl\\\/#organization\"},\"alternateName\":\"Ateliers Thomquin\",\"potentialAction\":[{\"@type\":\"SearchAction\",\"target\":{\"@type\":\"EntryPoint\",\"urlTemplate\":\"https:\\\/\\\/thomquin.be\\\/nl\\\/?s={search_term_string}\"},\"query-input\":{\"@type\":\"PropertyValueSpecification\",\"valueRequired\":true,\"valueName\":\"search_term_string\"}}],\"inLanguage\":\"nl-NL\"},{\"@type\":\"Organization\",\"@id\":\"https:\\\/\\\/thomquin.be\\\/nl\\\/#organization\",\"name\":\"Ateliers Thomquin \u2013 R\u00e9novation int\u00e9rieure et ext\u00e9rieure \u00e0 Bruxelles & p\u00e9riph\u00e9rie\",\"alternateName\":\"Ateliers Thomquin SRL\",\"url\":\"https:\\\/\\\/thomquin.be\\\/nl\\\/\",\"logo\":{\"@type\":\"ImageObject\",\"inLanguage\":\"nl-NL\",\"@id\":\"https:\\\/\\\/thomquin.be\\\/nl\\\/#\\\/schema\\\/logo\\\/image\\\/\",\"url\":\"https:\\\/\\\/thomquin.be\\\/wp-content\\\/uploads\\\/2025\\\/08\\\/Ateliers-Thomquin-RENOVATION.png\",\"contentUrl\":\"https:\\\/\\\/thomquin.be\\\/wp-content\\\/uploads\\\/2025\\\/08\\\/Ateliers-Thomquin-RENOVATION.png\",\"width\":1536,\"height\":1024,\"caption\":\"Ateliers Thomquin \u2013 R\u00e9novation int\u00e9rieure et ext\u00e9rieure \u00e0 Bruxelles & p\u00e9riph\u00e9rie\"},\"image\":{\"@id\":\"https:\\\/\\\/thomquin.be\\\/nl\\\/#\\\/schema\\\/logo\\\/image\\\/\"},\"sameAs\":[\"https:\\\/\\\/www.facebook.com\\\/renovationthomquin\",\"https:\\\/\\\/www.instagram.com\\\/thomquin.renovation\\\/\",\"https:\\\/\\\/www.linkedin.com\\\/company\\\/ateliers-thomquin-srl\\\/\"]}]}<\/script>\n<!-- \/ Yoast SEO plugin. -->","yoast_head_json":{"title":"Neem contact op met Thomquin | Vraag uw offerte aan","description":"Neem contact op met Thomquin voor elke aanvraag voor een offerte, informatie of afspraak. Snelle reactie en persoonlijke ondersteuning gegarandeerd.","robots":{"index":"index","follow":"follow","max-snippet":"max-snippet:-1","max-image-preview":"max-image-preview:large","max-video-preview":"max-video-preview:-1"},"canonical":"https:\/\/thomquin.be\/nl\/neem-contact-op-met\/","og_locale":"nl_NL","og_type":"article","og_title":"Neem contact op met Thomquin | Vraag uw offerte aan","og_description":"Neem contact op met Thomquin voor elke aanvraag voor een offerte, informatie of afspraak. Snelle reactie en persoonlijke ondersteuning gegarandeerd.","og_url":"https:\/\/thomquin.be\/nl\/neem-contact-op-met\/","og_site_name":"Votre entreprise de r\u00e9novation g\u00e9n\u00e9rale | Les Ateliers Thomquin","article_publisher":"https:\/\/www.facebook.com\/renovationthomquin","article_modified_time":"2026-02-04T09:32:46+00:00","twitter_card":"summary_large_image","twitter_misc":{"Geschatte leestijd":"1 minuut"},"schema":{"@context":"https:\/\/schema.org","@graph":[{"@type":"WebPage","@id":"https:\/\/thomquin.be\/nl\/neem-contact-op-met\/","url":"https:\/\/thomquin.be\/nl\/neem-contact-op-met\/","name":"Neem contact op met Thomquin | Vraag uw offerte aan","isPartOf":{"@id":"https:\/\/thomquin.be\/nl\/#website"},"datePublished":"2023-04-06T19:00:38+00:00","dateModified":"2026-02-04T09:32:46+00:00","description":"Neem contact op met Thomquin voor elke aanvraag voor een offerte, informatie of afspraak. Snelle reactie en persoonlijke ondersteuning gegarandeerd.","breadcrumb":{"@id":"https:\/\/thomquin.be\/nl\/neem-contact-op-met\/#breadcrumb"},"inLanguage":"nl-NL","potentialAction":[{"@type":"ReadAction","target":["https:\/\/thomquin.be\/nl\/neem-contact-op-met\/"]}]},{"@type":"BreadcrumbList","@id":"https:\/\/thomquin.be\/nl\/neem-contact-op-met\/#breadcrumb","itemListElement":[{"@type":"ListItem","position":1,"name":"Accueil","item":"https:\/\/thomquin.be\/nl\/"},{"@type":"ListItem","position":2,"name":"Neem contact op met"}]},{"@type":"WebSite","@id":"https:\/\/thomquin.be\/nl\/#website","url":"https:\/\/thomquin.be\/nl\/","name":"Ateliers Thomquin \u2013 R\u00e9novation int\u00e9rieure & ext\u00e9rieure \u00e0 Bruxelles","description":"Entreprise familiale de r\u00e9novation int\u00e9rieure et ext\u00e9rieure depuis 4 g\u00e9n\u00e9rations \u00e0 Bruxelles, Uccle et en p\u00e9riph\u00e9rie","publisher":{"@id":"https:\/\/thomquin.be\/nl\/#organization"},"alternateName":"Ateliers Thomquin","potentialAction":[{"@type":"SearchAction","target":{"@type":"EntryPoint","urlTemplate":"https:\/\/thomquin.be\/nl\/?s={search_term_string}"},"query-input":{"@type":"PropertyValueSpecification","valueRequired":true,"valueName":"search_term_string"}}],"inLanguage":"nl-NL"},{"@type":"Organization","@id":"https:\/\/thomquin.be\/nl\/#organization","name":"Ateliers Thomquin \u2013 R\u00e9novation int\u00e9rieure et ext\u00e9rieure \u00e0 Bruxelles & p\u00e9riph\u00e9rie","alternateName":"Ateliers Thomquin SRL","url":"https:\/\/thomquin.be\/nl\/","logo":{"@type":"ImageObject","inLanguage":"nl-NL","@id":"https:\/\/thomquin.be\/nl\/#\/schema\/logo\/image\/","url":"https:\/\/thomquin.be\/wp-content\/uploads\/2025\/08\/Ateliers-Thomquin-RENOVATION.png","contentUrl":"https:\/\/thomquin.be\/wp-content\/uploads\/2025\/08\/Ateliers-Thomquin-RENOVATION.png","width":1536,"height":1024,"caption":"Ateliers Thomquin \u2013 R\u00e9novation int\u00e9rieure et ext\u00e9rieure \u00e0 Bruxelles & p\u00e9riph\u00e9rie"},"image":{"@id":"https:\/\/thomquin.be\/nl\/#\/schema\/logo\/image\/"},"sameAs":["https:\/\/www.facebook.com\/renovationthomquin","https:\/\/www.instagram.com\/thomquin.renovation\/","https:\/\/www.linkedin.com\/company\/ateliers-thomquin-srl\/"]}]}},"_links":{"self":[{"href":"https:\/\/thomquin.be\/nl\/wp-json\/wp\/v2\/pages\/4939","targetHints":{"allow":["GET"]}}],"collection":[{"href":"https:\/\/thomquin.be\/nl\/wp-json\/wp\/v2\/pages"}],"about":[{"href":"https:\/\/thomquin.be\/nl\/wp-json\/wp\/v2\/types\/page"}],"author":[{"embeddable":true,"href":"https:\/\/thomquin.be\/nl\/wp-json\/wp\/v2\/users\/2"}],"replies":[{"embeddable":true,"href":"https:\/\/thomquin.be\/nl\/wp-json\/wp\/v2\/comments?post=4939"}],"version-history":[{"count":8,"href":"https:\/\/thomquin.be\/nl\/wp-json\/wp\/v2\/pages\/4939\/revisions"}],"predecessor-version":[{"id":6578,"href":"https:\/\/thomquin.be\/nl\/wp-json\/wp\/v2\/pages\/4939\/revisions\/6578"}],"wp:attachment":[{"href":"https:\/\/thomquin.be\/nl\/wp-json\/wp\/v2\/media?parent=4939"}],"curies":[{"name":"wp","href":"https:\/\/api.w.org\/{rel}","templated":true}]}}