{"id":4062,"date":"2023-06-21T15:10:18","date_gmt":"2023-06-21T13:10:18","guid":{"rendered":"https:\/\/thomquin.be\/geef-uw-mening\/"},"modified":"2025-08-28T18:20:24","modified_gmt":"2025-08-28T16:20:24","slug":"geef-uw-mening","status":"publish","type":"page","link":"https:\/\/thomquin.be\/nl\/geef-uw-mening\/","title":{"rendered":"Geef uw mening"},"content":{"rendered":"\t\t<div data-elementor-type=\"wp-post\" data-elementor-id=\"4062\" class=\"elementor elementor-4062 elementor-1717\" data-elementor-post-type=\"page\">\n\t\t\t\t\t\t<section class=\"elementor-section elementor-top-section elementor-element elementor-element-3f03320 elementor-section-boxed elementor-section-height-default elementor-section-height-default\" data-id=\"3f03320\" data-element_type=\"section\" data-e-type=\"section\" data-settings=\"{&quot;background_background&quot;:&quot;classic&quot;}\">\n\t\t\t\t\t\t\t<div class=\"elementor-background-overlay\"><\/div>\n\t\t\t\t\t\t\t<div class=\"elementor-container elementor-column-gap-default\">\n\t\t\t\t\t<div class=\"elementor-column elementor-col-100 elementor-top-column elementor-element elementor-element-765a687\" data-id=\"765a687\" data-element_type=\"column\" data-e-type=\"column\">\n\t\t\t<div class=\"elementor-widget-wrap elementor-element-populated\">\n\t\t\t\t\t\t<div class=\"elementor-element elementor-element-413345e elementor-widget elementor-widget-heading\" data-id=\"413345e\" data-element_type=\"widget\" data-e-type=\"widget\" data-widget_type=\"heading.default\">\n\t\t\t\t<div class=\"elementor-widget-container\">\n\t\t\t\t\t<h1 class=\"elementor-heading-title elementor-size-default\">Uw mening<\/h1>\t\t\t\t<\/div>\n\t\t\t\t<\/div>\n\t\t\t\t\t<\/div>\n\t\t<\/div>\n\t\t\t\t\t<\/div>\n\t\t<\/section>\n\t\t\t\t<section class=\"elementor-section elementor-top-section elementor-element elementor-element-9a7d23f elementor-section-boxed elementor-section-height-default elementor-section-height-default\" data-id=\"9a7d23f\" data-element_type=\"section\" data-e-type=\"section\">\n\t\t\t\t\t\t<div class=\"elementor-container elementor-column-gap-default\">\n\t\t\t\t\t<div class=\"elementor-column elementor-col-100 elementor-top-column elementor-element elementor-element-bc189b5\" data-id=\"bc189b5\" data-element_type=\"column\" data-e-type=\"column\">\n\t\t\t<div class=\"elementor-widget-wrap elementor-element-populated\">\n\t\t\t\t\t\t<div class=\"elementor-element elementor-element-dd724b0 elementor-widget elementor-widget-heading\" data-id=\"dd724b0\" data-element_type=\"widget\" data-e-type=\"widget\" data-widget_type=\"heading.default\">\n\t\t\t\t<div class=\"elementor-widget-container\">\n\t\t\t\t\t<h4 class=\"elementor-heading-title elementor-size-default\">Uw tevredenheid is onze prioriteit!  <\/h4>\t\t\t\t<\/div>\n\t\t\t\t<\/div>\n\t\t\t\t<div class=\"elementor-element elementor-element-a643505 elementor-widget elementor-widget-formidable\" data-id=\"a643505\" data-element_type=\"widget\" data-e-type=\"widget\" data-widget_type=\"formidable.default\">\n\t\t\t\t<div class=\"elementor-widget-container\">\n\t\t\t\t\t<div class=\"frm_forms  with_frm_style frm_style_style-formidable\" id=\"frm_form_4_container\" data-token=\"920df898146c5b2b4e76d93e5b855577\">\n<form enctype=\"multipart\/form-data\" method=\"post\" class=\"frm-show-form  frm_pro_form \" id=\"form_votre-avis\" data-token=\"920df898146c5b2b4e76d93e5b855577\">\n<div class=\"frm_form_fields \">\n<fieldset>\n<legend class=\"frm_screen_reader\">Donnez votre avis<\/legend>\r\n\r\n<div class=\"frm_fields_container\">\n<input type=\"hidden\" name=\"frm_action\" value=\"create\" \/>\n<input type=\"hidden\" name=\"form_id\" value=\"4\" \/>\n<input type=\"hidden\" name=\"frm_hide_fields_4\" id=\"frm_hide_fields_4\" value=\"\" \/>\n<input type=\"hidden\" name=\"form_key\" value=\"votre-avis\" \/>\n<input type=\"hidden\" name=\"item_meta[0]\" value=\"\" \/>\n<input type=\"hidden\" id=\"frm_submit_entry_4\" name=\"frm_submit_entry_4\" value=\"df496b5f17\" \/><input type=\"hidden\" name=\"_wp_http_referer\" value=\"\/nl\/wp-json\/wp\/v2\/pages\/4062\" \/><div id=\"frm_field_24_container\" class=\"frm_form_field form-field  frm_top_container frm6 frm_first\">\r\n\t<label for=\"field_3oxok3\" id=\"field_3oxok3_label\" class=\"frm_primary_label\">Nom & Pr\u00e9nom\r\n\t\t<span class=\"frm_required\" aria-hidden=\"true\"><\/span>\r\n\t<\/label>\r\n\t<input  type=\"text\" id=\"field_3oxok3\" name=\"item_meta[24]\" value=\"\"  data-invmsg=\"Nom &amp; Pr\u00e9nom est non valide\" aria-invalid=\"false\"   \/>\r\n\t\r\n\t\r\n<\/div>\n<div id=\"frm_field_28_container\" class=\"frm_form_field form-field  frm_top_container\">\r\n\t<label for=\"field_98c583\" id=\"field_98c583_label\" class=\"frm_primary_label\">Votre avis\r\n\t\t<span class=\"frm_required\" aria-hidden=\"true\"><\/span>\r\n\t<\/label>\r\n\t<textarea name=\"item_meta[28]\" id=\"field_98c583\" rows=\"5\"  data-invmsg=\"Votre avis is ongeldig\" aria-invalid=\"false\"  ><\/textarea>\r\n\t\r\n\t\r\n<\/div>\n<div id=\"frm_field_33_container\" class=\"frm_form_field form-field  frm_required_field frm_top_container vertical_radio\">\r\n\t<div  id=\"field_lzmmi_label\" class=\"frm_primary_label\">\r\n\t\t<span class=\"frm_required\" aria-hidden=\"true\">*<\/span>\r\n\t<\/div>\r\n\t<div class=\"frm_opt_container\" aria-labelledby=\"field_lzmmi_label\" role=\"group\">\t\t<div class=\"frm_checkbox\" id=\"frm_checkbox_33-0\">\t\t\t<label  for=\"field_lzmmi-0\">\n\t\t\t<input type=\"checkbox\" name=\"item_meta[33][]\" id=\"field_lzmmi-0\" value=\"J&#039;accepte &lt;a href=&quot;https:\/\/thomquin.be\/politique-confidentialite\/&quot; target=&quot;_blank&quot;&gt;la politique de confidentialit\u00e9&lt;\/a&gt;\"  data-reqmsg=\"Dit veld mag niet leeg zijn.\" data-invmsg=\"Dit veld is ongeldig\"   aria-required=\"true\"  \/> Ik aanvaard het privacybeleid<\/label><\/div>\n<\/div>\r\n\t\r\n\t\r\n<\/div>\n<div id=\"frm_field_29_container\" class=\"frm_form_field form-field  frm_none_container\">\r\n\t<label for=\"cf-turnstile-response\" id=\"field_oprk73_label\" class=\"frm_primary_label\">Captcha\r\n\t\t<span class=\"frm_required\" aria-hidden=\"true\"><\/span>\r\n\t<\/label>\r\n\t<div  id=\"field_oprk73\" class=\"frm-cf-turnstile\" data-sitekey=\"0x4AAAAAABRnesp_hBiJ8xqX\" data-language=\"nl-NL\" data-size=\"normal\" data-theme=\"light\"><\/div>\r\n\t\r\n\t\r\n<\/div>\n<div id=\"frm_field_30_container\" class=\"frm_form_field form-field \">\r\n\t<div class=\"frm_submit frm_flex\">\r\n<button class=\"frm_button_submit frm_final_submit\" type=\"submit\"  >Envoyer<\/button>\r\n\r\n\r\n\r\n<\/div>\r\n<\/div>\n\t<input type=\"hidden\" name=\"item_key\" value=\"\" \/>\n\t\t\t<div id=\"frm_field_34_container\">\n\t\t\t<label for=\"field_95ln8\" >\n\t\t\t\tIndien je een mens bent, laat dit veld leeg:.\t\t\t<\/label>\n\t\t\t<input  id=\"field_95ln8\" type=\"text\" class=\"frm_form_field form-field frm_verify\" name=\"item_meta[34]\" value=\"\"  \/>\n\t\t<\/div>\n\t\t<input name=\"frm_state\" type=\"hidden\" value=\"07USIL7JBXPjmz6I\/B\/jUkBb+wFbwZVRPYkL+KbzutFOfL1z49bV8\/qGPRI+fP+p\" \/><\/div>\n<\/fieldset>\n<\/div>\n\n<\/form>\n<\/div>\n\t\t\t\t<\/div>\n\t\t\t\t<\/div>\n\t\t\t\t\t<\/div>\n\t\t<\/div>\n\t\t\t\t\t<\/div>\n\t\t<\/section>\n\t\t\t\t<\/div>\n\t\t","protected":false},"excerpt":{"rendered":"<p>Uw mening Uw tevredenheid is onze prioriteit! Donnez votre avis Nom &#038; Pr\u00e9nom Votre avis Captcha Envoyer Si vous \u00eates un humain, ne remplissez pas ce champ.<\/p>\n","protected":false},"author":2,"featured_media":0,"parent":0,"menu_order":0,"comment_status":"closed","ping_status":"closed","template":"","meta":{"_acf_changed":false,"site-sidebar-layout":"no-sidebar","site-content-layout":"page-builder","ast-site-content-layout":"full-width-container","site-content-style":"unboxed","site-sidebar-style":"unboxed","ast-global-header-display":"","ast-banner-title-visibility":"","ast-main-header-display":"","ast-hfb-above-header-display":"","ast-hfb-below-header-display":"","ast-hfb-mobile-header-display":"","site-post-title":"disabled","ast-breadcrumbs-content":"","ast-featured-img":"disabled","footer-sml-layout":"","ast-disable-related-posts":"","theme-transparent-header-meta":"enabled","adv-header-id-meta":"","stick-header-meta":"","header-above-stick-meta":"","header-main-stick-meta":"","header-below-stick-meta":"","astra-migrate-meta-layouts":"set","ast-page-background-enabled":"default","ast-page-background-meta":{"desktop":{"background-color":"","background-image":"","background-repeat":"repeat","background-position":"center center","background-size":"auto","background-attachment":"scroll","background-type":"","background-media":"","overlay-type":"","overlay-color":"","overlay-opacity":"","overlay-gradient":""},"tablet":{"background-color":"","background-image":"","background-repeat":"repeat","background-position":"center center","background-size":"auto","background-attachment":"scroll","background-type":"","background-media":"","overlay-type":"","overlay-color":"","overlay-opacity":"","overlay-gradient":""},"mobile":{"background-color":"","background-image":"","background-repeat":"repeat","background-position":"center center","background-size":"auto","background-attachment":"scroll","background-type":"","background-media":"","overlay-type":"","overlay-color":"","overlay-opacity":"","overlay-gradient":""}},"ast-content-background-meta":{"desktop":{"background-color":"var(--ast-global-color-5)","background-image":"","background-repeat":"repeat","background-position":"center center","background-size":"auto","background-attachment":"scroll","background-type":"","background-media":"","overlay-type":"","overlay-color":"","overlay-opacity":"","overlay-gradient":""},"tablet":{"background-color":"var(--ast-global-color-5)","background-image":"","background-repeat":"repeat","background-position":"center center","background-size":"auto","background-attachment":"scroll","background-type":"","background-media":"","overlay-type":"","overlay-color":"","overlay-opacity":"","overlay-gradient":""},"mobile":{"background-color":"var(--ast-global-color-5)","background-image":"","background-repeat":"repeat","background-position":"center center","background-size":"auto","background-attachment":"scroll","background-type":"","background-media":"","overlay-type":"","overlay-color":"","overlay-opacity":"","overlay-gradient":""}},"footnotes":""},"class_list":["post-4062","page","type-page","status-publish","hentry"],"acf":[],"yoast_head":"<!-- This site is optimized with the Yoast SEO plugin v27.4 - https:\/\/yoast.com\/product\/yoast-seo-wordpress\/ -->\n<title>Geef uw mening - Votre entreprise de r\u00e9novation g\u00e9n\u00e9rale | Les Ateliers Thomquin<\/title>\n<meta name=\"description\" content=\"Schrijf een review over Thomquin en deel je ervaring. Uw feedback helpt ons onze bouw- en renovatiediensten te verbeteren.\" \/>\n<meta name=\"robots\" content=\"index, follow, max-snippet:-1, max-image-preview:large, max-video-preview:-1\" \/>\n<link rel=\"canonical\" href=\"https:\/\/thomquin.be\/nl\/geef-uw-mening\/\" \/>\n<meta property=\"og:locale\" content=\"nl_NL\" \/>\n<meta property=\"og:type\" content=\"article\" \/>\n<meta property=\"og:title\" content=\"Geef uw mening - Votre entreprise de r\u00e9novation g\u00e9n\u00e9rale | Les Ateliers Thomquin\" \/>\n<meta property=\"og:description\" content=\"Schrijf een review over Thomquin en deel je ervaring. Uw feedback helpt ons onze bouw- en renovatiediensten te verbeteren.\" \/>\n<meta property=\"og:url\" content=\"https:\/\/thomquin.be\/nl\/geef-uw-mening\/\" \/>\n<meta property=\"og:site_name\" content=\"Votre entreprise de r\u00e9novation g\u00e9n\u00e9rale | Les Ateliers Thomquin\" \/>\n<meta property=\"article:publisher\" content=\"https:\/\/www.facebook.com\/renovationthomquin\" \/>\n<meta property=\"article:modified_time\" content=\"2025-08-28T16:20:24+00:00\" \/>\n<meta name=\"twitter:card\" content=\"summary_large_image\" \/>\n<meta name=\"twitter:label1\" content=\"Geschatte leestijd\" \/>\n\t<meta name=\"twitter:data1\" content=\"1 minuut\" \/>\n<script type=\"application\/ld+json\" class=\"yoast-schema-graph\">{\"@context\":\"https:\\\/\\\/schema.org\",\"@graph\":[{\"@type\":\"WebPage\",\"@id\":\"https:\\\/\\\/thomquin.be\\\/nl\\\/geef-uw-mening\\\/\",\"url\":\"https:\\\/\\\/thomquin.be\\\/nl\\\/geef-uw-mening\\\/\",\"name\":\"Geef uw mening - Votre entreprise de r\u00e9novation g\u00e9n\u00e9rale | Les Ateliers Thomquin\",\"isPartOf\":{\"@id\":\"https:\\\/\\\/thomquin.be\\\/nl\\\/#website\"},\"datePublished\":\"2023-06-21T13:10:18+00:00\",\"dateModified\":\"2025-08-28T16:20:24+00:00\",\"description\":\"Schrijf een review over Thomquin en deel je ervaring. Uw feedback helpt ons onze bouw- en renovatiediensten te verbeteren.\",\"breadcrumb\":{\"@id\":\"https:\\\/\\\/thomquin.be\\\/nl\\\/geef-uw-mening\\\/#breadcrumb\"},\"inLanguage\":\"nl-NL\",\"potentialAction\":[{\"@type\":\"ReadAction\",\"target\":[\"https:\\\/\\\/thomquin.be\\\/nl\\\/geef-uw-mening\\\/\"]}]},{\"@type\":\"BreadcrumbList\",\"@id\":\"https:\\\/\\\/thomquin.be\\\/nl\\\/geef-uw-mening\\\/#breadcrumb\",\"itemListElement\":[{\"@type\":\"ListItem\",\"position\":1,\"name\":\"Accueil\",\"item\":\"https:\\\/\\\/thomquin.be\\\/nl\\\/\"},{\"@type\":\"ListItem\",\"position\":2,\"name\":\"Geef uw mening\"}]},{\"@type\":\"WebSite\",\"@id\":\"https:\\\/\\\/thomquin.be\\\/nl\\\/#website\",\"url\":\"https:\\\/\\\/thomquin.be\\\/nl\\\/\",\"name\":\"Ateliers Thomquin \u2013 R\u00e9novation int\u00e9rieure & ext\u00e9rieure \u00e0 Bruxelles\",\"description\":\"Entreprise familiale de r\u00e9novation int\u00e9rieure et ext\u00e9rieure depuis 4 g\u00e9n\u00e9rations \u00e0 Bruxelles, Uccle et en p\u00e9riph\u00e9rie\",\"publisher\":{\"@id\":\"https:\\\/\\\/thomquin.be\\\/nl\\\/#organization\"},\"alternateName\":\"Ateliers Thomquin\",\"potentialAction\":[{\"@type\":\"SearchAction\",\"target\":{\"@type\":\"EntryPoint\",\"urlTemplate\":\"https:\\\/\\\/thomquin.be\\\/nl\\\/?s={search_term_string}\"},\"query-input\":{\"@type\":\"PropertyValueSpecification\",\"valueRequired\":true,\"valueName\":\"search_term_string\"}}],\"inLanguage\":\"nl-NL\"},{\"@type\":\"Organization\",\"@id\":\"https:\\\/\\\/thomquin.be\\\/nl\\\/#organization\",\"name\":\"Ateliers Thomquin \u2013 R\u00e9novation int\u00e9rieure et ext\u00e9rieure \u00e0 Bruxelles & p\u00e9riph\u00e9rie\",\"alternateName\":\"Ateliers Thomquin SRL\",\"url\":\"https:\\\/\\\/thomquin.be\\\/nl\\\/\",\"logo\":{\"@type\":\"ImageObject\",\"inLanguage\":\"nl-NL\",\"@id\":\"https:\\\/\\\/thomquin.be\\\/nl\\\/#\\\/schema\\\/logo\\\/image\\\/\",\"url\":\"https:\\\/\\\/thomquin.be\\\/wp-content\\\/uploads\\\/2025\\\/08\\\/Ateliers-Thomquin-RENOVATION.png\",\"contentUrl\":\"https:\\\/\\\/thomquin.be\\\/wp-content\\\/uploads\\\/2025\\\/08\\\/Ateliers-Thomquin-RENOVATION.png\",\"width\":1536,\"height\":1024,\"caption\":\"Ateliers Thomquin \u2013 R\u00e9novation int\u00e9rieure et ext\u00e9rieure \u00e0 Bruxelles & p\u00e9riph\u00e9rie\"},\"image\":{\"@id\":\"https:\\\/\\\/thomquin.be\\\/nl\\\/#\\\/schema\\\/logo\\\/image\\\/\"},\"sameAs\":[\"https:\\\/\\\/www.facebook.com\\\/renovationthomquin\",\"https:\\\/\\\/www.instagram.com\\\/thomquin.renovation\\\/\",\"https:\\\/\\\/www.linkedin.com\\\/company\\\/ateliers-thomquin-srl\\\/\"]}]}<\/script>\n<!-- \/ Yoast SEO plugin. -->","yoast_head_json":{"title":"Geef uw mening - Votre entreprise de r\u00e9novation g\u00e9n\u00e9rale | Les Ateliers Thomquin","description":"Schrijf een review over Thomquin en deel je ervaring. Uw feedback helpt ons onze bouw- en renovatiediensten te verbeteren.","robots":{"index":"index","follow":"follow","max-snippet":"max-snippet:-1","max-image-preview":"max-image-preview:large","max-video-preview":"max-video-preview:-1"},"canonical":"https:\/\/thomquin.be\/nl\/geef-uw-mening\/","og_locale":"nl_NL","og_type":"article","og_title":"Geef uw mening - Votre entreprise de r\u00e9novation g\u00e9n\u00e9rale | Les Ateliers Thomquin","og_description":"Schrijf een review over Thomquin en deel je ervaring. Uw feedback helpt ons onze bouw- en renovatiediensten te verbeteren.","og_url":"https:\/\/thomquin.be\/nl\/geef-uw-mening\/","og_site_name":"Votre entreprise de r\u00e9novation g\u00e9n\u00e9rale | Les Ateliers Thomquin","article_publisher":"https:\/\/www.facebook.com\/renovationthomquin","article_modified_time":"2025-08-28T16:20:24+00:00","twitter_card":"summary_large_image","twitter_misc":{"Geschatte leestijd":"1 minuut"},"schema":{"@context":"https:\/\/schema.org","@graph":[{"@type":"WebPage","@id":"https:\/\/thomquin.be\/nl\/geef-uw-mening\/","url":"https:\/\/thomquin.be\/nl\/geef-uw-mening\/","name":"Geef uw mening - Votre entreprise de r\u00e9novation g\u00e9n\u00e9rale | Les Ateliers Thomquin","isPartOf":{"@id":"https:\/\/thomquin.be\/nl\/#website"},"datePublished":"2023-06-21T13:10:18+00:00","dateModified":"2025-08-28T16:20:24+00:00","description":"Schrijf een review over Thomquin en deel je ervaring. Uw feedback helpt ons onze bouw- en renovatiediensten te verbeteren.","breadcrumb":{"@id":"https:\/\/thomquin.be\/nl\/geef-uw-mening\/#breadcrumb"},"inLanguage":"nl-NL","potentialAction":[{"@type":"ReadAction","target":["https:\/\/thomquin.be\/nl\/geef-uw-mening\/"]}]},{"@type":"BreadcrumbList","@id":"https:\/\/thomquin.be\/nl\/geef-uw-mening\/#breadcrumb","itemListElement":[{"@type":"ListItem","position":1,"name":"Accueil","item":"https:\/\/thomquin.be\/nl\/"},{"@type":"ListItem","position":2,"name":"Geef uw mening"}]},{"@type":"WebSite","@id":"https:\/\/thomquin.be\/nl\/#website","url":"https:\/\/thomquin.be\/nl\/","name":"Ateliers Thomquin \u2013 R\u00e9novation int\u00e9rieure & ext\u00e9rieure \u00e0 Bruxelles","description":"Entreprise familiale de r\u00e9novation int\u00e9rieure et ext\u00e9rieure depuis 4 g\u00e9n\u00e9rations \u00e0 Bruxelles, Uccle et en p\u00e9riph\u00e9rie","publisher":{"@id":"https:\/\/thomquin.be\/nl\/#organization"},"alternateName":"Ateliers Thomquin","potentialAction":[{"@type":"SearchAction","target":{"@type":"EntryPoint","urlTemplate":"https:\/\/thomquin.be\/nl\/?s={search_term_string}"},"query-input":{"@type":"PropertyValueSpecification","valueRequired":true,"valueName":"search_term_string"}}],"inLanguage":"nl-NL"},{"@type":"Organization","@id":"https:\/\/thomquin.be\/nl\/#organization","name":"Ateliers Thomquin \u2013 R\u00e9novation int\u00e9rieure et ext\u00e9rieure \u00e0 Bruxelles & p\u00e9riph\u00e9rie","alternateName":"Ateliers Thomquin SRL","url":"https:\/\/thomquin.be\/nl\/","logo":{"@type":"ImageObject","inLanguage":"nl-NL","@id":"https:\/\/thomquin.be\/nl\/#\/schema\/logo\/image\/","url":"https:\/\/thomquin.be\/wp-content\/uploads\/2025\/08\/Ateliers-Thomquin-RENOVATION.png","contentUrl":"https:\/\/thomquin.be\/wp-content\/uploads\/2025\/08\/Ateliers-Thomquin-RENOVATION.png","width":1536,"height":1024,"caption":"Ateliers Thomquin \u2013 R\u00e9novation int\u00e9rieure et ext\u00e9rieure \u00e0 Bruxelles & p\u00e9riph\u00e9rie"},"image":{"@id":"https:\/\/thomquin.be\/nl\/#\/schema\/logo\/image\/"},"sameAs":["https:\/\/www.facebook.com\/renovationthomquin","https:\/\/www.instagram.com\/thomquin.renovation\/","https:\/\/www.linkedin.com\/company\/ateliers-thomquin-srl\/"]}]}},"_links":{"self":[{"href":"https:\/\/thomquin.be\/nl\/wp-json\/wp\/v2\/pages\/4062","targetHints":{"allow":["GET"]}}],"collection":[{"href":"https:\/\/thomquin.be\/nl\/wp-json\/wp\/v2\/pages"}],"about":[{"href":"https:\/\/thomquin.be\/nl\/wp-json\/wp\/v2\/types\/page"}],"author":[{"embeddable":true,"href":"https:\/\/thomquin.be\/nl\/wp-json\/wp\/v2\/users\/2"}],"replies":[{"embeddable":true,"href":"https:\/\/thomquin.be\/nl\/wp-json\/wp\/v2\/comments?post=4062"}],"version-history":[{"count":3,"href":"https:\/\/thomquin.be\/nl\/wp-json\/wp\/v2\/pages\/4062\/revisions"}],"predecessor-version":[{"id":5769,"href":"https:\/\/thomquin.be\/nl\/wp-json\/wp\/v2\/pages\/4062\/revisions\/5769"}],"wp:attachment":[{"href":"https:\/\/thomquin.be\/nl\/wp-json\/wp\/v2\/media?parent=4062"}],"curies":[{"name":"wp","href":"https:\/\/api.w.org\/{rel}","templated":true}]}}