{"id":4942,"date":"2023-04-14T20:06:10","date_gmt":"2023-04-14T18:06:10","guid":{"rendered":"https:\/\/thomquin.be\/terms-of-use\/"},"modified":"2025-04-30T14:18:35","modified_gmt":"2025-04-30T12:18:35","slug":"terms-of-use","status":"publish","type":"page","link":"https:\/\/thomquin.be\/en\/terms-of-use\/","title":{"rendered":"Terms of use"},"content":{"rendered":"\t\t<div data-elementor-type=\"wp-post\" data-elementor-id=\"4942\" class=\"elementor elementor-4942 elementor-1369\" data-elementor-post-type=\"page\">\n\t\t\t\t\t\t<section class=\"elementor-section elementor-top-section elementor-element elementor-element-3f03320 elementor-section-boxed elementor-section-height-default elementor-section-height-default\" data-id=\"3f03320\" data-element_type=\"section\" data-e-type=\"section\" data-settings=\"{&quot;background_background&quot;:&quot;classic&quot;}\">\n\t\t\t\t\t\t\t<div class=\"elementor-background-overlay\"><\/div>\n\t\t\t\t\t\t\t<div class=\"elementor-container elementor-column-gap-default\">\n\t\t\t\t\t<div class=\"elementor-column elementor-col-100 elementor-top-column elementor-element elementor-element-765a687\" data-id=\"765a687\" data-element_type=\"column\" data-e-type=\"column\">\n\t\t\t<div class=\"elementor-widget-wrap elementor-element-populated\">\n\t\t\t\t\t\t<div class=\"elementor-element elementor-element-413345e elementor-widget elementor-widget-heading\" data-id=\"413345e\" data-element_type=\"widget\" data-e-type=\"widget\" data-widget_type=\"heading.default\">\n\t\t\t\t<div class=\"elementor-widget-container\">\n\t\t\t\t\t<h1 class=\"elementor-heading-title elementor-size-default\">Terms of use<\/h1>\t\t\t\t<\/div>\n\t\t\t\t<\/div>\n\t\t\t\t\t<\/div>\n\t\t<\/div>\n\t\t\t\t\t<\/div>\n\t\t<\/section>\n\t\t\t\t<section class=\"elementor-section elementor-top-section elementor-element elementor-element-l2gxlgm elementor-section-content-middle elementor-section-boxed elementor-section-height-default elementor-section-height-default\" data-id=\"l2gxlgm\" data-element_type=\"section\" data-e-type=\"section\" data-settings=\"{&quot;background_background&quot;:&quot;classic&quot;}\">\n\t\t\t\t\t\t\t<div class=\"elementor-background-overlay\"><\/div>\n\t\t\t\t\t\t\t<div class=\"elementor-container elementor-column-gap-no\">\n\t\t\t\t\t<div class=\"elementor-column elementor-col-100 elementor-top-column elementor-element elementor-element-585310c5\" data-id=\"585310c5\" data-element_type=\"column\" data-e-type=\"column\">\n\t\t\t<div class=\"elementor-widget-wrap elementor-element-populated\">\n\t\t\t\t\t\t<div class=\"elementor-element elementor-element-e31b6d8 elementor-widget elementor-widget-text-editor\" data-id=\"e31b6d8\" data-element_type=\"widget\" data-e-type=\"widget\" data-widget_type=\"text-editor.default\">\n\t\t\t\t<div class=\"elementor-widget-container\">\n\t\t\t\t\t\t\t\t\t<p style=\"font-weight: 400;\">By connecting to this site, you accept these terms and conditions without reservation. Also, in accordance with article n\u00b06 of Law n\u00b02004-575 of June 21, 2004 for confidence in the digital economy, the persons responsible for the present Internet site Ateliers Thomquin.be are : <\/p><p style=\"font-weight: 400;\"> <\/p><ol><li style=\"font-weight: 400;\"><strong>  Site Editor<\/strong><\/li><\/ol><p style=\"font-weight: 400;\">VAT number: 0745.737.582<\/p><p style=\"font-weight: 400;\">Editorial manager: TH Consulting , 67 Avenue de la Flohaye 1420 Braine L&#8217;Alleud<\/p><p style=\"font-weight: 400;\">Telephone: 0495 209 447<\/p><p style=\"font-weight: 400;\">Email : martial@monsieurparfait.be<\/p><p style=\"font-weight: 400;\">Main website: <u>www.beclics.com<\/u><\/p><p style=\"font-weight: 400;\"> <\/p><ol start=\"2\"><li style=\"font-weight: 400;\"><strong>  Hosting<\/strong><\/li><\/ol><p style=\"font-weight: 400;\"><strong>OVH<\/strong><\/p><p style=\"font-weight: 400;\">2, Rue Kellermann 59100 Roubaix &#8211; France.<\/p><p style=\"font-weight: 400;\">Website: <a href=\"http:\/\/www.ovh.com\/\">www.ovh.com<\/a><\/p><p style=\"font-weight: 400;\"> <\/p><ol start=\"3\"><li style=\"font-weight: 400;\"><strong>  Development<\/strong><\/li><\/ol><p style=\"font-weight: 400;\"><strong>Atelier Thomquin<\/strong><\/p><p style=\"font-weight: 400;\">Address: 10 Acacialaan, 1652 Beersel<\/p><p style=\"font-weight: 400;\">Website: www.thomquin.be<\/p><p style=\"font-weight: 400;\"> <\/p><ol start=\"4\"><li style=\"font-weight: 400;\"><strong>  Conditions of use<\/strong><\/li><\/ol><p style=\"font-weight: 400;\">This site<u>(www.thomquin.be)<\/u> is offered in different web languages (HTML, HTML5, Javascript, CSS, etc.) for a better comfort of use and more pleasant graphics, we recommend you use modern browsers such as Internet Explorer, Safari, Firefox, Google Chrome, etc. &#8230;<\/p><p style=\"font-weight: 400;\">Ateliers Thomquin makes every effort to provide reliable information and to keep its website up to date.<\/p><p style=\"font-weight: 400;\">However, errors or omissions may occur. Users should therefore check with Ateliers Thomquin to ensure that the information provided is accurate, and report any changes to the site that they consider necessary. <\/p><p style=\"font-weight: 400;\">Ateliers Thomquin is in no way responsible for the use made of this information, nor for any direct or indirect prejudice that may result.<\/p><p style=\"font-weight: 400;\"> <\/p><ol start=\"5\"><li style=\"font-weight: 400;\"><strong>  Cookies<\/strong><\/li><\/ol><p style=\"font-weight: 400;\">The www.thomquin.be website may ask you to accept cookies for statistical and display purposes.<\/p><p style=\"font-weight: 400;\">A cookie is a piece of information placed on your hard disk by the server of the site you are visiting. It contains a number of data items that are stored on your computer in a simple text file that a server accesses to read and record information. <\/p><p style=\"font-weight: 400;\">Some parts of this site cannot be used without accepting cookies.<\/p><p style=\"font-weight: 400;\"> <\/p><ol start=\"6\"><li style=\"font-weight: 400;\"><strong>  Hyperlinks<\/strong><\/li><\/ol><p style=\"font-weight: 400;\">The Internet site cannot offer links to other Internet sites or other resources available on the Internet. Ateliers Thomquin has no means of controlling the sites connected to its Internet site. <\/p><p style=\"font-weight: 400;\">Ateliers Thomquin is not responsible for the availability of such external sites and sources, nor does it guarantee them. It cannot be held responsible for any damage, of any nature whatsoever, resulting from the content of these external sites or sources, and in particular from the information, products or services they offer, or from any use that may be made of these elements. The risks associated with such use shall be borne entirely by the Internet user, who must comply with their conditions of use.  <\/p><p style=\"font-weight: 400;\">Users, subscribers and visitors to Internet sites may not set up a hyperlink to this site without the express prior authorization of Ateliers Thomquin.<\/p><p style=\"font-weight: 400;\">In the event that a user or visitor wishes to set up a hyperlink to the Ateliers Thomquin website, they should send an e-mail to the site to request the creation of a hyperlink. Ateliers Thomquin reserves the right to accept or refuse a hyperlink without having to justify its decision. <\/p><p style=\"font-weight: 400;\"> <\/p><ol start=\"7\"><li style=\"font-weight: 400;\"><strong>  Services provided<\/strong><\/li><\/ol><p style=\"font-weight: 400;\">All the company&#8217;s activities and information are presented on our website www.thomquin.be.<\/p><p style=\"font-weight: 400;\">Ateliers Thomquin makes every effort to provide information on the www.thomquin.be site that is as accurate as possible.<\/p><p style=\"font-weight: 400;\">The information on the www.thomquin.be website is not exhaustive and the photos are non-contractual. They are given subject to modifications having been made since they were put on line. <\/p><p style=\"font-weight: 400;\">In addition, all information on the www.thomquin.be website is given for guidance only, and is subject to change or development without notice.<\/p><p style=\"font-weight: 400;\"> <\/p><ol start=\"8\"><li style=\"font-weight: 400;\"><strong>  Contractual limitations on data<\/strong><\/li><\/ol><p style=\"font-weight: 400;\">The information contained on this site is as accurate as possible and the site is updated at various times of the year, but may contain inaccuracies or omissions. If you notice a gap, error or what appears to be a malfunction, please report it by e-mail, via our Contact page, describing the problem as precisely as possible (page causing the problem, type of computer and browser used, etc.). <\/p><p style=\"font-weight: 400;\">Any downloaded content is done so at the user&#8217;s own risk and under his\/her sole responsibility. Consequently, Ateliers Thomquin cannot be held responsible for any damage to the user&#8217;s computer or loss of data resulting from downloading. In addition, the user of the site undertakes to access the site using recent, virus-free equipment and with an up-to-date browser.  <\/p><p style=\"font-weight: 400;\">Ateliers Thomquin cannot be held responsible for the hypertext links on this website to other resources on the Internet.<\/p><p style=\"font-weight: 400;\"> <\/p><ol start=\"9\"><li style=\"font-weight: 400;\"><strong>  Intellectual property<\/strong><\/li><\/ol><p style=\"font-weight: 400;\">All content on the <a href=\"http:\/\/www.upyourbizz.com\/\">www.thomquin.be<\/a> website, including but not limited to graphics, images, texts, videos, animations, sounds, logos, gifs and icons, as well as their layout, is the exclusive property of the company, with the exception of trademarks, logos or content belonging to other partner companies or authors.<\/p><p style=\"font-weight: 400;\">Any reproduction, distribution, modification, adaptation, retransmission or publication, even partial, of these various elements is strictly forbidden without the express written consent of Ateliers Thomquin. This representation or reproduction, by any means whatsoever, constitutes an infringement punishable by articles L.335-2 et seq. of the French Intellectual Property Code. Failure to comply with this prohibition constitutes an infringement which may incur the civil and criminal liability of the infringer.  <\/p><p style=\"font-weight: 400;\">In addition, the owners of the copied content may take legal action against you.<\/p><p style=\"font-weight: 400;\"> <\/p><ol start=\"10\"><li style=\"font-weight: 400;\"><strong>  Declaration to CNIL<\/strong><\/li><\/ol><p style=\"font-weight: 400;\">In accordance with the French Data Protection Act 78-17 of January 6, 1978 (amended by Act 2004-801 of August 6, 2004 on the protection of individuals with regard to the processing of personal data), this site has not been registered with the Commission Nationale de l&#8217;Informatique et des Libert\u00e9s.<\/p><p style=\"font-weight: 400;\"> <\/p><ol start=\"11\"><li style=\"font-weight: 400;\"><strong>  Disputes<\/strong><\/li><\/ol><p style=\"font-weight: 400;\">The present terms and conditions of the <a href=\"http:\/\/www.upyourbizz.be\/\">www.thomquin.be<\/a> website are governed by French law. Any dispute or litigation arising from the interpretation or execution of these terms and conditions shall be submitted to the exclusive jurisdiction of the courts having jurisdiction over the company&#8217;s registered office. The reference language for the settlement of any disputes is French. <\/p><p style=\"font-weight: 400;\"> <\/p><ol start=\"12\"><li style=\"font-weight: 400;\"><strong>  Personal data<\/strong><\/li><\/ol><p style=\"font-weight: 400;\">In general, you are not required to provide us with any personal data when you visit our website www.thomquin.be.<\/p><p style=\"font-weight: 400;\">However, there are certain exceptions to this principle. For some of the services offered on our site, you may be asked to provide us with data such as your name, position, company name, e-mail address and telephone number. This is the case when you fill in the online form in the &#8220;contact&#8221; section. In all cases, you can refuse to provide your personal data. In this case, you will not be able to use the site&#8217;s services, in particular to request information about our company, or to receive our newsletters.    <\/p><p style=\"font-weight: 400;\">Finally, we may automatically collect certain information about you when you simply browse our website, in particular: information concerning the use of our site, such as the areas you visit and the services you access, your IP address, the type of browser you use and your access times. Such information is used exclusively for internal statistical purposes, in order to improve the quality of the services offered to you. Databases are protected by the provisions of the law of July 1, 1998 transposing directive 96\/9 of March 11, 1996 on the legal protection of databases.  <\/p><p style=\"font-weight: 400;\"> <\/p>\t\t\t\t\t\t\t\t<\/div>\n\t\t\t\t<\/div>\n\t\t\t\t\t<\/div>\n\t\t<\/div>\n\t\t\t\t\t<\/div>\n\t\t<\/section>\n\t\t\t\t<\/div>\n\t\t","protected":false},"excerpt":{"rendered":"<p>Terms of use By connecting to this site, you accept these terms and conditions without reservation. Also, in accordance with article n\u00b06 of Law n\u00b02004-575 of June 21, 2004 for confidence in the digital economy, the persons responsible for the present Internet site Ateliers Thomquin.be are : Site Editor VAT number: 0745.737.582 Editorial manager: TH [&hellip;]<\/p>\n","protected":false},"author":2,"featured_media":0,"parent":0,"menu_order":0,"comment_status":"closed","ping_status":"closed","template":"","meta":{"_acf_changed":false,"site-sidebar-layout":"no-sidebar","site-content-layout":"page-builder","ast-site-content-layout":"full-width-container","site-content-style":"unboxed","site-sidebar-style":"unboxed","ast-global-header-display":"","ast-banner-title-visibility":"","ast-main-header-display":"","ast-hfb-above-header-display":"","ast-hfb-below-header-display":"","ast-hfb-mobile-header-display":"","site-post-title":"disabled","ast-breadcrumbs-content":"","ast-featured-img":"disabled","footer-sml-layout":"","ast-disable-related-posts":"","theme-transparent-header-meta":"enabled","adv-header-id-meta":"","stick-header-meta":"","header-above-stick-meta":"","header-main-stick-meta":"","header-below-stick-meta":"","astra-migrate-meta-layouts":"default","ast-page-background-enabled":"default","ast-page-background-meta":{"desktop":{"background-color":"","background-image":"","background-repeat":"repeat","background-position":"center center","background-size":"auto","background-attachment":"scroll","background-type":"","background-media":"","overlay-type":"","overlay-color":"","overlay-opacity":"","overlay-gradient":""},"tablet":{"background-color":"","background-image":"","background-repeat":"repeat","background-position":"center center","background-size":"auto","background-attachment":"scroll","background-type":"","background-media":"","overlay-type":"","overlay-color":"","overlay-opacity":"","overlay-gradient":""},"mobile":{"background-color":"","background-image":"","background-repeat":"repeat","background-position":"center center","background-size":"auto","background-attachment":"scroll","background-type":"","background-media":"","overlay-type":"","overlay-color":"","overlay-opacity":"","overlay-gradient":""}},"ast-content-background-meta":{"desktop":{"background-color":"var(--ast-global-color-5)","background-image":"","background-repeat":"repeat","background-position":"center center","background-size":"auto","background-attachment":"scroll","background-type":"","background-media":"","overlay-type":"","overlay-color":"","overlay-opacity":"","overlay-gradient":""},"tablet":{"background-color":"var(--ast-global-color-5)","background-image":"","background-repeat":"repeat","background-position":"center center","background-size":"auto","background-attachment":"scroll","background-type":"","background-media":"","overlay-type":"","overlay-color":"","overlay-opacity":"","overlay-gradient":""},"mobile":{"background-color":"var(--ast-global-color-5)","background-image":"","background-repeat":"repeat","background-position":"center center","background-size":"auto","background-attachment":"scroll","background-type":"","background-media":"","overlay-type":"","overlay-color":"","overlay-opacity":"","overlay-gradient":""}},"footnotes":""},"class_list":["post-4942","page","type-page","status-publish","hentry"],"acf":[],"yoast_head":"<!-- This site is optimized with the Yoast SEO plugin v27.3 - https:\/\/yoast.com\/product\/yoast-seo-wordpress\/ -->\n<title>Terms of use - Votre entreprise de r\u00e9novation g\u00e9n\u00e9rale | Les Ateliers Thomquin<\/title>\n<meta name=\"robots\" content=\"index, follow, max-snippet:-1, max-image-preview:large, max-video-preview:-1\" \/>\n<link rel=\"canonical\" href=\"https:\/\/thomquin.be\/en\/terms-of-use\/\" \/>\n<meta property=\"og:locale\" content=\"en_US\" \/>\n<meta property=\"og:type\" content=\"article\" \/>\n<meta property=\"og:title\" content=\"Terms of use - Votre entreprise de r\u00e9novation g\u00e9n\u00e9rale | Les Ateliers Thomquin\" \/>\n<meta property=\"og:description\" content=\"Terms of use By connecting to this site, you accept these terms and conditions without reservation. Also, in accordance with article n\u00b06 of Law n\u00b02004-575 of June 21, 2004 for confidence in the digital economy, the persons responsible for the present Internet site Ateliers Thomquin.be are : Site Editor VAT number: 0745.737.582 Editorial manager: TH [&hellip;]\" \/>\n<meta property=\"og:url\" content=\"https:\/\/thomquin.be\/en\/terms-of-use\/\" \/>\n<meta property=\"og:site_name\" content=\"Votre entreprise de r\u00e9novation g\u00e9n\u00e9rale | Les Ateliers Thomquin\" \/>\n<meta property=\"article:publisher\" content=\"https:\/\/www.facebook.com\/renovationthomquin\" \/>\n<meta property=\"article:modified_time\" content=\"2025-04-30T12:18:35+00:00\" \/>\n<meta name=\"twitter:card\" content=\"summary_large_image\" \/>\n<meta name=\"twitter:label1\" content=\"Est. reading time\" \/>\n\t<meta name=\"twitter:data1\" content=\"6 minutes\" \/>\n<script type=\"application\/ld+json\" class=\"yoast-schema-graph\">{\"@context\":\"https:\\\/\\\/schema.org\",\"@graph\":[{\"@type\":\"WebPage\",\"@id\":\"https:\\\/\\\/thomquin.be\\\/en\\\/terms-of-use\\\/\",\"url\":\"https:\\\/\\\/thomquin.be\\\/en\\\/terms-of-use\\\/\",\"name\":\"Terms of use - Votre entreprise de r\u00e9novation g\u00e9n\u00e9rale | Les Ateliers Thomquin\",\"isPartOf\":{\"@id\":\"https:\\\/\\\/thomquin.be\\\/en\\\/#website\"},\"datePublished\":\"2023-04-14T18:06:10+00:00\",\"dateModified\":\"2025-04-30T12:18:35+00:00\",\"breadcrumb\":{\"@id\":\"https:\\\/\\\/thomquin.be\\\/en\\\/terms-of-use\\\/#breadcrumb\"},\"inLanguage\":\"en-US\",\"potentialAction\":[{\"@type\":\"ReadAction\",\"target\":[\"https:\\\/\\\/thomquin.be\\\/en\\\/terms-of-use\\\/\"]}]},{\"@type\":\"BreadcrumbList\",\"@id\":\"https:\\\/\\\/thomquin.be\\\/en\\\/terms-of-use\\\/#breadcrumb\",\"itemListElement\":[{\"@type\":\"ListItem\",\"position\":1,\"name\":\"Accueil\",\"item\":\"https:\\\/\\\/thomquin.be\\\/en\\\/\"},{\"@type\":\"ListItem\",\"position\":2,\"name\":\"Terms of use\"}]},{\"@type\":\"WebSite\",\"@id\":\"https:\\\/\\\/thomquin.be\\\/en\\\/#website\",\"url\":\"https:\\\/\\\/thomquin.be\\\/en\\\/\",\"name\":\"Ateliers Thomquin \u2013 R\u00e9novation int\u00e9rieure & ext\u00e9rieure \u00e0 Bruxelles\",\"description\":\"Entreprise familiale de r\u00e9novation int\u00e9rieure et ext\u00e9rieure depuis 4 g\u00e9n\u00e9rations \u00e0 Bruxelles, Uccle et en p\u00e9riph\u00e9rie\",\"publisher\":{\"@id\":\"https:\\\/\\\/thomquin.be\\\/en\\\/#organization\"},\"alternateName\":\"Ateliers Thomquin\",\"potentialAction\":[{\"@type\":\"SearchAction\",\"target\":{\"@type\":\"EntryPoint\",\"urlTemplate\":\"https:\\\/\\\/thomquin.be\\\/en\\\/?s={search_term_string}\"},\"query-input\":{\"@type\":\"PropertyValueSpecification\",\"valueRequired\":true,\"valueName\":\"search_term_string\"}}],\"inLanguage\":\"en-US\"},{\"@type\":\"Organization\",\"@id\":\"https:\\\/\\\/thomquin.be\\\/en\\\/#organization\",\"name\":\"Ateliers Thomquin \u2013 R\u00e9novation int\u00e9rieure et ext\u00e9rieure \u00e0 Bruxelles & p\u00e9riph\u00e9rie\",\"alternateName\":\"Ateliers Thomquin SRL\",\"url\":\"https:\\\/\\\/thomquin.be\\\/en\\\/\",\"logo\":{\"@type\":\"ImageObject\",\"inLanguage\":\"en-US\",\"@id\":\"https:\\\/\\\/thomquin.be\\\/en\\\/#\\\/schema\\\/logo\\\/image\\\/\",\"url\":\"https:\\\/\\\/thomquin.be\\\/wp-content\\\/uploads\\\/2025\\\/08\\\/Ateliers-Thomquin-RENOVATION.png\",\"contentUrl\":\"https:\\\/\\\/thomquin.be\\\/wp-content\\\/uploads\\\/2025\\\/08\\\/Ateliers-Thomquin-RENOVATION.png\",\"width\":1536,\"height\":1024,\"caption\":\"Ateliers Thomquin \u2013 R\u00e9novation int\u00e9rieure et ext\u00e9rieure \u00e0 Bruxelles & p\u00e9riph\u00e9rie\"},\"image\":{\"@id\":\"https:\\\/\\\/thomquin.be\\\/en\\\/#\\\/schema\\\/logo\\\/image\\\/\"},\"sameAs\":[\"https:\\\/\\\/www.facebook.com\\\/renovationthomquin\",\"https:\\\/\\\/www.instagram.com\\\/thomquin.renovation\\\/\",\"https:\\\/\\\/www.linkedin.com\\\/company\\\/ateliers-thomquin-srl\\\/\"]}]}<\/script>\n<!-- \/ Yoast SEO plugin. -->","yoast_head_json":{"title":"Terms of use - Votre entreprise de r\u00e9novation g\u00e9n\u00e9rale | Les Ateliers Thomquin","robots":{"index":"index","follow":"follow","max-snippet":"max-snippet:-1","max-image-preview":"max-image-preview:large","max-video-preview":"max-video-preview:-1"},"canonical":"https:\/\/thomquin.be\/en\/terms-of-use\/","og_locale":"en_US","og_type":"article","og_title":"Terms of use - Votre entreprise de r\u00e9novation g\u00e9n\u00e9rale | Les Ateliers Thomquin","og_description":"Terms of use By connecting to this site, you accept these terms and conditions without reservation. Also, in accordance with article n\u00b06 of Law n\u00b02004-575 of June 21, 2004 for confidence in the digital economy, the persons responsible for the present Internet site Ateliers Thomquin.be are : Site Editor VAT number: 0745.737.582 Editorial manager: TH [&hellip;]","og_url":"https:\/\/thomquin.be\/en\/terms-of-use\/","og_site_name":"Votre entreprise de r\u00e9novation g\u00e9n\u00e9rale | Les Ateliers Thomquin","article_publisher":"https:\/\/www.facebook.com\/renovationthomquin","article_modified_time":"2025-04-30T12:18:35+00:00","twitter_card":"summary_large_image","twitter_misc":{"Est. reading time":"6 minutes"},"schema":{"@context":"https:\/\/schema.org","@graph":[{"@type":"WebPage","@id":"https:\/\/thomquin.be\/en\/terms-of-use\/","url":"https:\/\/thomquin.be\/en\/terms-of-use\/","name":"Terms of use - Votre entreprise de r\u00e9novation g\u00e9n\u00e9rale | Les Ateliers Thomquin","isPartOf":{"@id":"https:\/\/thomquin.be\/en\/#website"},"datePublished":"2023-04-14T18:06:10+00:00","dateModified":"2025-04-30T12:18:35+00:00","breadcrumb":{"@id":"https:\/\/thomquin.be\/en\/terms-of-use\/#breadcrumb"},"inLanguage":"en-US","potentialAction":[{"@type":"ReadAction","target":["https:\/\/thomquin.be\/en\/terms-of-use\/"]}]},{"@type":"BreadcrumbList","@id":"https:\/\/thomquin.be\/en\/terms-of-use\/#breadcrumb","itemListElement":[{"@type":"ListItem","position":1,"name":"Accueil","item":"https:\/\/thomquin.be\/en\/"},{"@type":"ListItem","position":2,"name":"Terms of use"}]},{"@type":"WebSite","@id":"https:\/\/thomquin.be\/en\/#website","url":"https:\/\/thomquin.be\/en\/","name":"Ateliers Thomquin \u2013 R\u00e9novation int\u00e9rieure & ext\u00e9rieure \u00e0 Bruxelles","description":"Entreprise familiale de r\u00e9novation int\u00e9rieure et ext\u00e9rieure depuis 4 g\u00e9n\u00e9rations \u00e0 Bruxelles, Uccle et en p\u00e9riph\u00e9rie","publisher":{"@id":"https:\/\/thomquin.be\/en\/#organization"},"alternateName":"Ateliers Thomquin","potentialAction":[{"@type":"SearchAction","target":{"@type":"EntryPoint","urlTemplate":"https:\/\/thomquin.be\/en\/?s={search_term_string}"},"query-input":{"@type":"PropertyValueSpecification","valueRequired":true,"valueName":"search_term_string"}}],"inLanguage":"en-US"},{"@type":"Organization","@id":"https:\/\/thomquin.be\/en\/#organization","name":"Ateliers Thomquin \u2013 R\u00e9novation int\u00e9rieure et ext\u00e9rieure \u00e0 Bruxelles & p\u00e9riph\u00e9rie","alternateName":"Ateliers Thomquin SRL","url":"https:\/\/thomquin.be\/en\/","logo":{"@type":"ImageObject","inLanguage":"en-US","@id":"https:\/\/thomquin.be\/en\/#\/schema\/logo\/image\/","url":"https:\/\/thomquin.be\/wp-content\/uploads\/2025\/08\/Ateliers-Thomquin-RENOVATION.png","contentUrl":"https:\/\/thomquin.be\/wp-content\/uploads\/2025\/08\/Ateliers-Thomquin-RENOVATION.png","width":1536,"height":1024,"caption":"Ateliers Thomquin \u2013 R\u00e9novation int\u00e9rieure et ext\u00e9rieure \u00e0 Bruxelles & p\u00e9riph\u00e9rie"},"image":{"@id":"https:\/\/thomquin.be\/en\/#\/schema\/logo\/image\/"},"sameAs":["https:\/\/www.facebook.com\/renovationthomquin","https:\/\/www.instagram.com\/thomquin.renovation\/","https:\/\/www.linkedin.com\/company\/ateliers-thomquin-srl\/"]}]}},"_links":{"self":[{"href":"https:\/\/thomquin.be\/en\/wp-json\/wp\/v2\/pages\/4942","targetHints":{"allow":["GET"]}}],"collection":[{"href":"https:\/\/thomquin.be\/en\/wp-json\/wp\/v2\/pages"}],"about":[{"href":"https:\/\/thomquin.be\/en\/wp-json\/wp\/v2\/types\/page"}],"author":[{"embeddable":true,"href":"https:\/\/thomquin.be\/en\/wp-json\/wp\/v2\/users\/2"}],"replies":[{"embeddable":true,"href":"https:\/\/thomquin.be\/en\/wp-json\/wp\/v2\/comments?post=4942"}],"version-history":[{"count":1,"href":"https:\/\/thomquin.be\/en\/wp-json\/wp\/v2\/pages\/4942\/revisions"}],"predecessor-version":[{"id":4943,"href":"https:\/\/thomquin.be\/en\/wp-json\/wp\/v2\/pages\/4942\/revisions\/4943"}],"wp:attachment":[{"href":"https:\/\/thomquin.be\/en\/wp-json\/wp\/v2\/media?parent=4942"}],"curies":[{"name":"wp","href":"https:\/\/api.w.org\/{rel}","templated":true}]}}